{"id":2007275,"date":"2020-12-22T09:25:58","date_gmt":"2020-12-22T08:25:58","guid":{"rendered":"https:\/\/de.tilta.com\/shop\/modulo-de-alimentacion-para-empunadura-anular\/"},"modified":"2025-12-05T13:42:44","modified_gmt":"2025-12-05T12:42:44","slug":"power-supply-module-for-ring-grip","status":"publish","type":"product","link":"https:\/\/eu.tilta.com\/es\/shop\/power-supply-module-for-ring-grip\/","title":{"rendered":"M\u00f3dulo de alimentaci\u00f3n para empu\u00f1adura anular"},"content":{"rendered":"<p><strong>ADVERTENCIA: Ten mucho cuidado al conectar los cables de alimentaci\u00f3n P-Tap, ya que si los conectas al rev\u00e9s puedes da\u00f1ar tu card\u00e1n<\/strong><\/p>\n<p>Este m\u00f3dulo de alimentaci\u00f3n se acopla directamente a la empu\u00f1adura anular b\u00e1sica o avanzada para RS2 y te permite montar y alimentar accesorios como monitores y sistemas de v\u00eddeo inal\u00e1mbricos mediante una salida de alimentaci\u00f3n USB y una salida de alimentaci\u00f3n P-Tap.<\/p>\n<p>&nbsp;<\/p>\n","protected":false},"excerpt":{"rendered":"<p>ADVERTENCIA: Ten mucho cuidado al conectar los cables de alimentaci\u00f3n P-Tap, ya que si los conectas al rev\u00e9s puedes da\u00f1ar tu card\u00e1n Este m\u00f3dulo de alimentaci\u00f3n se acopla directamente a la empu\u00f1adura anular b\u00e1sica o avanzada para RS2 y te [&hellip;]<\/p>\n","protected":false},"featured_media":0,"comment_status":"closed","ping_status":"closed","template":"","meta":[],"product_cat":[2941,2940],"product_tag":[],"acf":[],"gallery_images":[1947109,1947110,1947111,1948483],"_links":{"self":[{"href":"https:\/\/eu.tilta.com\/es\/wp-json\/wp\/v2\/product\/2007275"}],"collection":[{"href":"https:\/\/eu.tilta.com\/es\/wp-json\/wp\/v2\/product"}],"about":[{"href":"https:\/\/eu.tilta.com\/es\/wp-json\/wp\/v2\/types\/product"}],"replies":[{"embeddable":true,"href":"https:\/\/eu.tilta.com\/es\/wp-json\/wp\/v2\/comments?post=2007275"}],"wp:attachment":[{"href":"https:\/\/eu.tilta.com\/es\/wp-json\/wp\/v2\/media?parent=2007275"}],"wp:term":[{"taxonomy":"product_cat","embeddable":true,"href":"https:\/\/eu.tilta.com\/es\/wp-json\/wp\/v2\/product_cat?post=2007275"},{"taxonomy":"product_tag","embeddable":true,"href":"https:\/\/eu.tilta.com\/es\/wp-json\/wp\/v2\/product_tag?post=2007275"}],"curies":[{"name":"wp","href":"https:\/\/api.w.org\/{rel}","templated":true}]}}