{"id":2007276,"date":"2020-12-22T09:23:38","date_gmt":"2020-12-22T08:23:38","guid":{"rendered":"https:\/\/de.tilta.com\/shop\/modulo-de-fuente-de-alimentacion-para-soporte-de-fuente-de-alimentacion-de-doble-asa\/"},"modified":"2025-12-05T13:42:44","modified_gmt":"2025-12-05T12:42:44","slug":"power-supply-module-for-dual-handle-power-supply-bracket","status":"publish","type":"product","link":"https:\/\/eu.tilta.com\/es\/shop\/power-supply-module-for-dual-handle-power-supply-bracket\/","title":{"rendered":"M\u00f3dulo de fuente de alimentaci\u00f3n para soporte de fuente de alimentaci\u00f3n de doble asa"},"content":{"rendered":"<p>Este m\u00f3dulo de fuente de alimentaci\u00f3n se acopla directamente al soporte de fuente de alimentaci\u00f3n de doble asa para RS2 y te permite montar y alimentar accesorios como monitores y sistemas de v\u00eddeo inal\u00e1mbricos mediante una salida de alimentaci\u00f3n USB y una salida de alimentaci\u00f3n P-Tap.<\/p>\n","protected":false},"excerpt":{"rendered":"<p>Este m\u00f3dulo de fuente de alimentaci\u00f3n se acopla directamente al soporte de fuente de alimentaci\u00f3n de doble asa para RS2 y te permite montar y alimentar accesorios como monitores y sistemas de v\u00eddeo inal\u00e1mbricos mediante una salida de alimentaci\u00f3n USB [&hellip;]<\/p>\n","protected":false},"featured_media":0,"comment_status":"closed","ping_status":"closed","template":"","meta":[],"product_cat":[3026],"product_tag":[],"acf":[],"gallery_images":[889064],"_links":{"self":[{"href":"https:\/\/eu.tilta.com\/es\/wp-json\/wp\/v2\/product\/2007276"}],"collection":[{"href":"https:\/\/eu.tilta.com\/es\/wp-json\/wp\/v2\/product"}],"about":[{"href":"https:\/\/eu.tilta.com\/es\/wp-json\/wp\/v2\/types\/product"}],"replies":[{"embeddable":true,"href":"https:\/\/eu.tilta.com\/es\/wp-json\/wp\/v2\/comments?post=2007276"}],"wp:attachment":[{"href":"https:\/\/eu.tilta.com\/es\/wp-json\/wp\/v2\/media?parent=2007276"}],"wp:term":[{"taxonomy":"product_cat","embeddable":true,"href":"https:\/\/eu.tilta.com\/es\/wp-json\/wp\/v2\/product_cat?post=2007276"},{"taxonomy":"product_tag","embeddable":true,"href":"https:\/\/eu.tilta.com\/es\/wp-json\/wp\/v2\/product_tag?post=2007276"}],"curies":[{"name":"wp","href":"https:\/\/api.w.org\/{rel}","templated":true}]}}