{"id":2007277,"date":"2020-12-21T17:06:53","date_gmt":"2020-12-21T16:06:53","guid":{"rendered":"https:\/\/de.tilta.com\/shop\/placa-de-bateria-con-montura-en-v-para-empunadura-anular\/"},"modified":"2026-04-24T03:29:17","modified_gmt":"2026-04-24T01:29:17","slug":"v-mount-battery-plate-for-ring-grip","status":"publish","type":"product","link":"https:\/\/eu.tilta.com\/es\/shop\/v-mount-battery-plate-for-ring-grip\/","title":{"rendered":"Placa de bater\u00eda con montura en V para empu\u00f1adura anular"},"content":{"rendered":"<p>Esta placa para bater\u00eda de montura en V se acopla directamente a la empu\u00f1adura anular b\u00e1sica o avanzada para RS 2 y te permite alimentar tu card\u00e1n con bater\u00edas de montura en V de mayor capacidad sin cables externos.<\/p>\n","protected":false},"excerpt":{"rendered":"<p>Esta placa para bater\u00eda de montura en V se acopla directamente a la empu\u00f1adura anular b\u00e1sica o avanzada para RS 2 y te permite alimentar tu card\u00e1n con bater\u00edas de montura en V de mayor capacidad sin cables externos.<\/p>\n","protected":false},"featured_media":0,"comment_status":"closed","ping_status":"closed","template":"","meta":[],"product_cat":[2941,2940],"product_tag":[],"acf":[],"gallery_images":[1947114,1947115,1947112],"_links":{"self":[{"href":"https:\/\/eu.tilta.com\/es\/wp-json\/wp\/v2\/product\/2007277"}],"collection":[{"href":"https:\/\/eu.tilta.com\/es\/wp-json\/wp\/v2\/product"}],"about":[{"href":"https:\/\/eu.tilta.com\/es\/wp-json\/wp\/v2\/types\/product"}],"replies":[{"embeddable":true,"href":"https:\/\/eu.tilta.com\/es\/wp-json\/wp\/v2\/comments?post=2007277"}],"wp:attachment":[{"href":"https:\/\/eu.tilta.com\/es\/wp-json\/wp\/v2\/media?parent=2007277"}],"wp:term":[{"taxonomy":"product_cat","embeddable":true,"href":"https:\/\/eu.tilta.com\/es\/wp-json\/wp\/v2\/product_cat?post=2007277"},{"taxonomy":"product_tag","embeddable":true,"href":"https:\/\/eu.tilta.com\/es\/wp-json\/wp\/v2\/product_tag?post=2007277"}],"curies":[{"name":"wp","href":"https:\/\/api.w.org\/{rel}","templated":true}]}}