{"id":2007278,"date":"2020-12-21T17:00:39","date_gmt":"2020-12-21T16:00:39","guid":{"rendered":"https:\/\/de.tilta.com\/shop\/placa-de-bateria-de-montaje-dorado-para-empunadura-anular\/"},"modified":"2025-12-05T13:42:45","modified_gmt":"2025-12-05T12:42:45","slug":"gold-mount-battery-plate-for-ring-grip","status":"publish","type":"product","link":"https:\/\/eu.tilta.com\/es\/shop\/gold-mount-battery-plate-for-ring-grip\/","title":{"rendered":"Placa de bater\u00eda de montaje dorado para empu\u00f1adura anular"},"content":{"rendered":"<p>Esta placa para bater\u00eda de montaje dorado se acopla directamente a la empu\u00f1adura anular b\u00e1sica o avanzada para RS 2, a ambos lados del cuerpo del card\u00e1n.<\/p>\n<p>Esta placa te permite alimentar tu card\u00e1n y accesorios con bater\u00edas Gold Mount de mayor capacidad, sin cables externos.<\/p>\n<p><strong>NOTA: la orientaci\u00f3n de esta placa s\u00f3lo admite pilas Gold Mount de menos de 115 mm de longitud y menos de 60 mm de grosor.<\/strong><\/p>\n<p><strong>Esta Placa est\u00e1 dise\u00f1ada principalmente para utilizar bater\u00edas Micro Gold Mount o para montar bater\u00edas Gold Mount m\u00e1s grandes en la parte superior de la Empu\u00f1adura Anular.  <\/strong><\/p>\n","protected":false},"excerpt":{"rendered":"<p>Esta placa para bater\u00eda de montaje dorado se acopla directamente a la empu\u00f1adura anular b\u00e1sica o avanzada para RS 2, a ambos lados del cuerpo del card\u00e1n. Esta placa te permite alimentar tu card\u00e1n y accesorios con bater\u00edas Gold Mount [&hellip;]<\/p>\n","protected":false},"featured_media":0,"comment_status":"closed","ping_status":"closed","template":"","meta":[],"product_cat":[2941,2940],"product_tag":[],"acf":[],"gallery_images":[1947106,1947107,889046],"_links":{"self":[{"href":"https:\/\/eu.tilta.com\/es\/wp-json\/wp\/v2\/product\/2007278"}],"collection":[{"href":"https:\/\/eu.tilta.com\/es\/wp-json\/wp\/v2\/product"}],"about":[{"href":"https:\/\/eu.tilta.com\/es\/wp-json\/wp\/v2\/types\/product"}],"replies":[{"embeddable":true,"href":"https:\/\/eu.tilta.com\/es\/wp-json\/wp\/v2\/comments?post=2007278"}],"wp:attachment":[{"href":"https:\/\/eu.tilta.com\/es\/wp-json\/wp\/v2\/media?parent=2007278"}],"wp:term":[{"taxonomy":"product_cat","embeddable":true,"href":"https:\/\/eu.tilta.com\/es\/wp-json\/wp\/v2\/product_cat?post=2007278"},{"taxonomy":"product_tag","embeddable":true,"href":"https:\/\/eu.tilta.com\/es\/wp-json\/wp\/v2\/product_tag?post=2007278"}],"curies":[{"name":"wp","href":"https:\/\/api.w.org\/{rel}","templated":true}]}}