{"id":2007279,"date":"2020-12-07T10:16:14","date_gmt":"2020-12-07T09:16:14","guid":{"rendered":"https:\/\/de.tilta.com\/shop\/placa-base-de-alimentacion-para-dji-ronin\/"},"modified":"2026-03-30T14:16:07","modified_gmt":"2026-03-30T12:16:07","slug":"power-supply-base-plate-for-dji-ronin","status":"publish","type":"product","link":"https:\/\/eu.tilta.com\/es\/shop\/power-supply-base-plate-for-dji-ronin\/","title":{"rendered":"Placa base de alimentaci\u00f3n para DJI Ronin"},"content":{"rendered":"<p>La placa base de alimentaci\u00f3n para el DJI Ronin se acopla directamente a la base del DJI RS2 o RS3\/4 Pro y te permite alimentar el card\u00e1n mediante bater\u00edas Gold o V-Mount a trav\u00e9s del cable P-tap a 2 patillas incluido.<\/p>\n<p>Las roscas de 1\/4&#8243;-20 y 3\/8&#8243;-16 de la parte inferior de la Placa Base te permiten montar el DJI Ronin en muchos sistemas diferentes, como tr\u00edpodes, plumas, deslizadores, soportes para coche, sistemas de estabilizaci\u00f3n y otros productos de nuestro Ecosistema, como el Sistema Hydra Alien y Float.<\/p>\n<p>El soporte lateral se fija desde la placa base al cuerpo del DJI Ronin, lo que proporciona un punto de contacto adicional y mayor seguridad. Se puede adaptar para que funcione con el <a href=\"https:\/\/de.tilta.com\/shop\/security-bracket-for-dji-rs-3\/\">DJI<\/a> RS3 mediante nuestro <a href=\"https:\/\/de.tilta.com\/shop\/security-bracket-for-dji-rs-3\/\">Soporte de seguridad<\/a> opcional <a href=\"https:\/\/de.tilta.com\/shop\/security-bracket-for-dji-rs-3\/\">para DJI RS 3<\/a>.<\/p>\n","protected":false},"excerpt":{"rendered":"<p>La placa base de alimentaci\u00f3n para el DJI Ronin se acopla directamente a la base del DJI RS2 o RS3\/4 Pro y te permite alimentar el card\u00e1n mediante bater\u00edas Gold o V-Mount a trav\u00e9s del cable P-tap a 2 patillas [&hellip;]<\/p>\n","protected":false},"featured_media":0,"comment_status":"closed","ping_status":"closed","template":"","meta":[],"product_cat":[2763,2718,3010,2764,2720,2722],"product_tag":[],"acf":[],"gallery_images":[1024575,1024577],"_links":{"self":[{"href":"https:\/\/eu.tilta.com\/es\/wp-json\/wp\/v2\/product\/2007279"}],"collection":[{"href":"https:\/\/eu.tilta.com\/es\/wp-json\/wp\/v2\/product"}],"about":[{"href":"https:\/\/eu.tilta.com\/es\/wp-json\/wp\/v2\/types\/product"}],"replies":[{"embeddable":true,"href":"https:\/\/eu.tilta.com\/es\/wp-json\/wp\/v2\/comments?post=2007279"}],"wp:attachment":[{"href":"https:\/\/eu.tilta.com\/es\/wp-json\/wp\/v2\/media?parent=2007279"}],"wp:term":[{"taxonomy":"product_cat","embeddable":true,"href":"https:\/\/eu.tilta.com\/es\/wp-json\/wp\/v2\/product_cat?post=2007279"},{"taxonomy":"product_tag","embeddable":true,"href":"https:\/\/eu.tilta.com\/es\/wp-json\/wp\/v2\/product_tag?post=2007279"}],"curies":[{"name":"wp","href":"https:\/\/api.w.org\/{rel}","templated":true}]}}