{"id":2007280,"date":"2020-12-03T16:00:00","date_gmt":"2020-12-03T15:00:00","guid":{"rendered":"https:\/\/de.tilta.com\/shop\/fijacion-de-rail-tilta-18mm-otan\/"},"modified":"2026-04-27T13:18:23","modified_gmt":"2026-04-27T11:18:23","slug":"tiltaing-18mm-nato-rail-attachment","status":"publish","type":"product","link":"https:\/\/eu.tilta.com\/es\/shop\/tiltaing-18mm-nato-rail-attachment\/","title":{"rendered":"Fijaci\u00f3n de ra\u00edl Tilta 18mm OTAN"},"content":{"rendered":"<p>Este accesorio de ra\u00edl OTAN de 18 mm puede fijarse a las jaulas de c\u00e1mara Tiltaing mediante dos tornillos de 1\/4&#8243;-20. Esto te permite acoplar a tu configuraci\u00f3n las distintas empu\u00f1aduras basadas en ra\u00edles de la OTAN, para proporcionarte una experiencia de manejo m\u00e1s c\u00f3moda.<\/p>\n","protected":false},"excerpt":{"rendered":"<p>Este accesorio de ra\u00edl OTAN de 18 mm puede fijarse a las jaulas de c\u00e1mara Tiltaing mediante dos tornillos de 1\/4&#8243;-20. Esto te permite acoplar a tu configuraci\u00f3n las distintas empu\u00f1aduras basadas en ra\u00edles de la OTAN, para proporcionarte una [&hellip;]<\/p>\n","protected":false},"featured_media":0,"comment_status":"closed","ping_status":"closed","template":"","meta":[],"product_cat":[2837,2992,2784],"product_tag":[],"acf":[],"gallery_images":[887923],"_links":{"self":[{"href":"https:\/\/eu.tilta.com\/es\/wp-json\/wp\/v2\/product\/2007280"}],"collection":[{"href":"https:\/\/eu.tilta.com\/es\/wp-json\/wp\/v2\/product"}],"about":[{"href":"https:\/\/eu.tilta.com\/es\/wp-json\/wp\/v2\/types\/product"}],"replies":[{"embeddable":true,"href":"https:\/\/eu.tilta.com\/es\/wp-json\/wp\/v2\/comments?post=2007280"}],"wp:attachment":[{"href":"https:\/\/eu.tilta.com\/es\/wp-json\/wp\/v2\/media?parent=2007280"}],"wp:term":[{"taxonomy":"product_cat","embeddable":true,"href":"https:\/\/eu.tilta.com\/es\/wp-json\/wp\/v2\/product_cat?post=2007280"},{"taxonomy":"product_tag","embeddable":true,"href":"https:\/\/eu.tilta.com\/es\/wp-json\/wp\/v2\/product_tag?post=2007280"}],"curies":[{"name":"wp","href":"https:\/\/api.w.org\/{rel}","templated":true}]}}