{"id":2007298,"date":"2020-11-25T17:29:21","date_gmt":"2020-11-25T16:29:21","guid":{"rendered":"https:\/\/de.tilta.com\/shop\/soporte-de-alimentacion-de-doble-asa-para-el-dji-ronin\/"},"modified":"2025-12-22T03:45:52","modified_gmt":"2025-12-22T02:45:52","slug":"dual-handle-power-supply-bracket-for-dji-ronin","status":"publish","type":"product","link":"https:\/\/eu.tilta.com\/es\/shop\/dual-handle-power-supply-bracket-for-dji-ronin\/","title":{"rendered":"Soporte de alimentaci\u00f3n de doble asa para el DJI Ronin"},"content":{"rendered":"<p>El soporte de alimentaci\u00f3n de doble asa para el DJI Ronin te permite alimentar tu DJI RS2, RSC2, RS 3\/3 Pro y RS 4\/4 Pro mediante una bater\u00eda Gold o V-Mount, proporciona estabilidad adicional durante el funcionamiento y cuenta con m\u00faltiples puntos de montaje para sujetar accesorios.<\/p>\n<p>El soporte de la fuente de alimentaci\u00f3n te permite montar la empu\u00f1adura de la bater\u00eda del Ronin en el lado izquierdo para aumentar la duraci\u00f3n de la bater\u00eda, mientras que las roscas del lado derecho permiten montar la empu\u00f1adura mec\u00e1nica incluida en varias posiciones y distancias del cuerpo del card\u00e1n.<\/p>\n<p>El soporte de la fuente de alimentaci\u00f3n tambi\u00e9n es compatible con el asa de control remoto y el asa de control de objetivo inal\u00e1mbrico de doble canal de la empu\u00f1adura anular avanzada, que permiten un control total de las DJI RS2, RSC2, RS 3 Pro y RS 4\/4 Pro y de los sistemas de enfoque de seguimiento inal\u00e1mbricos como el Nucleus M o el Nano.<\/p>\n<p>El ra\u00edl NATO y las roscas de \u00bc&#8221;-20 permiten montar m\u00faltiples accesorios, incluido el tr\u00edpode\/empu\u00f1adura extendida del DJI Ronin.<\/p>\n","protected":false},"excerpt":{"rendered":"<p>El soporte de alimentaci\u00f3n de doble asa para el DJI Ronin te permite alimentar tu DJI RS2, RSC2, RS 3\/3 Pro y RS 4\/4 Pro mediante una bater\u00eda Gold o V-Mount, proporciona estabilidad adicional durante el funcionamiento y cuenta con [&hellip;]<\/p>\n","protected":false},"featured_media":0,"comment_status":"closed","ping_status":"closed","template":"","meta":[],"product_cat":[3026],"product_tag":[],"acf":[],"gallery_images":[886470,886472,886474],"_links":{"self":[{"href":"https:\/\/eu.tilta.com\/es\/wp-json\/wp\/v2\/product\/2007298"}],"collection":[{"href":"https:\/\/eu.tilta.com\/es\/wp-json\/wp\/v2\/product"}],"about":[{"href":"https:\/\/eu.tilta.com\/es\/wp-json\/wp\/v2\/types\/product"}],"replies":[{"embeddable":true,"href":"https:\/\/eu.tilta.com\/es\/wp-json\/wp\/v2\/comments?post=2007298"}],"wp:attachment":[{"href":"https:\/\/eu.tilta.com\/es\/wp-json\/wp\/v2\/media?parent=2007298"}],"wp:term":[{"taxonomy":"product_cat","embeddable":true,"href":"https:\/\/eu.tilta.com\/es\/wp-json\/wp\/v2\/product_cat?post=2007298"},{"taxonomy":"product_tag","embeddable":true,"href":"https:\/\/eu.tilta.com\/es\/wp-json\/wp\/v2\/product_tag?post=2007298"}],"curies":[{"name":"wp","href":"https:\/\/api.w.org\/{rel}","templated":true}]}}