{"id":2007299,"date":"2020-11-24T17:46:48","date_gmt":"2020-11-24T16:46:48","guid":{"rendered":"https:\/\/de.tilta.com\/shop\/brazos-extensores-de-rail-otan-ajustables\/"},"modified":"2026-04-27T13:18:02","modified_gmt":"2026-04-27T11:18:02","slug":"adjustable-nato-rail-extender-arms","status":"publish","type":"product","link":"https:\/\/eu.tilta.com\/es\/shop\/adjustable-nato-rail-extender-arms\/","title":{"rendered":"Brazos extensores de ra\u00edl OTAN ajustables"},"content":{"rendered":"<p>Estos brazos extensores se acoplan a los ra\u00edles de la OTAN situados en el lateral del card\u00e1n para proporcionarte brazos ajustables basados en rosetas, de modo que puedas acoplar a tu configuraci\u00f3n diversas palancas de mando basadas en rosetas.<\/p>\n<p>Compatible con el DJI RS2, RSC2, RS3\/3 Pro y RS4\/4 Pro.<\/p>\n","protected":false},"excerpt":{"rendered":"<p>Estos brazos extensores se acoplan a los ra\u00edles de la OTAN situados en el lateral del card\u00e1n para proporcionarte brazos ajustables basados en rosetas, de modo que puedas acoplar a tu configuraci\u00f3n diversas palancas de mando basadas en rosetas. Compatible [&hellip;]<\/p>\n","protected":false},"featured_media":0,"comment_status":"closed","ping_status":"closed","template":"","meta":[],"product_cat":[3010],"product_tag":[],"acf":[],"gallery_images":[1066046,1066047,994283],"_links":{"self":[{"href":"https:\/\/eu.tilta.com\/es\/wp-json\/wp\/v2\/product\/2007299"}],"collection":[{"href":"https:\/\/eu.tilta.com\/es\/wp-json\/wp\/v2\/product"}],"about":[{"href":"https:\/\/eu.tilta.com\/es\/wp-json\/wp\/v2\/types\/product"}],"replies":[{"embeddable":true,"href":"https:\/\/eu.tilta.com\/es\/wp-json\/wp\/v2\/comments?post=2007299"}],"wp:attachment":[{"href":"https:\/\/eu.tilta.com\/es\/wp-json\/wp\/v2\/media?parent=2007299"}],"wp:term":[{"taxonomy":"product_cat","embeddable":true,"href":"https:\/\/eu.tilta.com\/es\/wp-json\/wp\/v2\/product_cat?post=2007299"},{"taxonomy":"product_tag","embeddable":true,"href":"https:\/\/eu.tilta.com\/es\/wp-json\/wp\/v2\/product_tag?post=2007299"}],"curies":[{"name":"wp","href":"https:\/\/api.w.org\/{rel}","templated":true}]}}