{"id":2007307,"date":"2020-11-19T10:54:10","date_gmt":"2020-11-19T09:54:10","guid":{"rendered":"https:\/\/de.tilta.com\/shop\/caja-mate-de-fibra-de-carbono-4x565-con-pinza-con-respaldo-simple\/"},"modified":"2025-12-05T13:42:55","modified_gmt":"2025-12-05T12:42:55","slug":"4x5-65-carbon-fiber-matte-box-clamp-on-with-single-backing","status":"publish","type":"product","link":"https:\/\/eu.tilta.com\/es\/shop\/4x5-65-carbon-fiber-matte-box-clamp-on-with-single-backing\/","title":{"rendered":"Caja mate de fibra de carbono 4&#215;5,65 (con pinza) con respaldo simple"},"content":{"rendered":"<p><!--StartFragment-->Esta caja mate de fibra de carbono 4\u00d75,65 est\u00e1 dise\u00f1ada para sujetarse directamente a objetivos de cine de tama\u00f1o est\u00e1ndar, con el fin de ser lo m\u00e1s ligera y discreta posible.<\/p>\n<p>Incluye un anillo adaptador de objetivo \u00fanico para ajustarlo al di\u00e1metro frontal que elijas.<\/p>\n<p>Los <a href=\"https:\/\/de.tilta.com\/shop\/backing-for-mb-t12-clamp-on-matte-box\/\">respaldos<\/a> de tama\u00f1o adicional se pueden comprar por separado. Tambi\u00e9n ofrecemos un <a href=\"https:\/\/de.tilta.com\/shop\/4x5-65-carbon-fiber-matte-box-clamp-on-mb-t12\/\">kit completo<\/a> con m\u00faltiples respaldos<\/p>\n<p>Estos anillos adaptadores no s\u00f3lo permiten acoplar directamente la caja de mate al objetivo, sino que prescinden de los donuts para objetivos.<\/p>\n<p>El paquete incluye una bandera francesa superior para proteger la bengala.<!--EndFragment--><\/p>\n<p>Tambi\u00e9n incluye un accesorio de varilla de 15 mm si deseas montar la caja mate mediante varillas LWS.<\/p>\n","protected":false},"excerpt":{"rendered":"<p>Esta caja mate de fibra de carbono 4\u00d75,65 est\u00e1 dise\u00f1ada para sujetarse directamente a objetivos de cine de tama\u00f1o est\u00e1ndar, con el fin de ser lo m\u00e1s ligera y discreta posible. Incluye un anillo adaptador de objetivo \u00fanico para ajustarlo [&hellip;]<\/p>\n","protected":false},"featured_media":0,"comment_status":"closed","ping_status":"closed","template":"","meta":[],"product_cat":[2716,2812,2815,2816,2721,3153,2738,2823,2733,2727,2728,2826,2827,2905],"product_tag":[],"acf":[],"gallery_images":[885959,885961],"_links":{"self":[{"href":"https:\/\/eu.tilta.com\/es\/wp-json\/wp\/v2\/product\/2007307"}],"collection":[{"href":"https:\/\/eu.tilta.com\/es\/wp-json\/wp\/v2\/product"}],"about":[{"href":"https:\/\/eu.tilta.com\/es\/wp-json\/wp\/v2\/types\/product"}],"replies":[{"embeddable":true,"href":"https:\/\/eu.tilta.com\/es\/wp-json\/wp\/v2\/comments?post=2007307"}],"wp:attachment":[{"href":"https:\/\/eu.tilta.com\/es\/wp-json\/wp\/v2\/media?parent=2007307"}],"wp:term":[{"taxonomy":"product_cat","embeddable":true,"href":"https:\/\/eu.tilta.com\/es\/wp-json\/wp\/v2\/product_cat?post=2007307"},{"taxonomy":"product_tag","embeddable":true,"href":"https:\/\/eu.tilta.com\/es\/wp-json\/wp\/v2\/product_tag?post=2007307"}],"curies":[{"name":"wp","href":"https:\/\/api.w.org\/{rel}","templated":true}]}}