{"id":2007314,"date":"2020-11-18T16:36:59","date_gmt":"2020-11-18T15:36:59","guid":{"rendered":"https:\/\/de.tilta.com\/shop\/sistema-de-montaje-para-coches-hydra-alien\/"},"modified":"2026-03-27T15:59:15","modified_gmt":"2026-03-27T14:59:15","slug":"hydra-alien-car-mounting-system","status":"publish","type":"product","link":"https:\/\/eu.tilta.com\/es\/shop\/hydra-alien-car-mounting-system\/","title":{"rendered":"Sistema de montaje para coches Hydra Alien"},"content":{"rendered":"<p><b>RS3 ADVERTENCIA: La \u00faltima generaci\u00f3n del card\u00e1n RS3 NO es compatible con el soporte de fijaci\u00f3n de seguridad de la placa base de la fuente de alimentaci\u00f3n.<\/b><\/p>\n<p><b>En las pr\u00f3ximas semanas dispondremos de una clasificaci\u00f3n actualizada.  <\/b><\/p>\n<p>El sistema de montaje en autom\u00f3vil Hydra Alien se dise\u00f1\u00f3 desde cero para que funcionara junto con cardanes m\u00e1s peque\u00f1os y permitiera una soluci\u00f3n ligera para la cinematograf\u00eda montada en autom\u00f3viles.<\/p>\n<p>El sistema utiliza una combinaci\u00f3n altamente personalizable de placas en forma de cola de milano y ventosas que pueden soportar una carga \u00fatil de 50 kg cada una.<\/p>\n<p>La silicona amortiguadora altamente el\u00e1stica proporciona mayor durabilidad y menos abrasi\u00f3n, mientras que los \u00e9mbolos de ventosa actualizados crean un sellado m\u00e1s fuerte para mejorar la seguridad en climas m\u00e1s fr\u00edos.<\/p>\n<p>Cuando est\u00e1 interconectado, el sistema permite a los usuarios ajustar la colocaci\u00f3n exacta de su toma para conseguir casi cualquier \u00e1ngulo posible al montarlo en un veh\u00edculo.<\/p>\n<p>El sistema tambi\u00e9n utiliza un brazo amortiguador para estabilizar mejor la c\u00e1mara en determinadas tomas, as\u00ed como una cabeza de cuna con resorte si la toma prevista requiere que el card\u00e1n se ponga boca abajo.<\/p>\n<p>La nueva p\u00e9rtiga de amortiguaci\u00f3n hidr\u00e1ulica estabiliza a\u00fan m\u00e1s el brazo para ofrecer resultados m\u00e1s suaves cuando las condiciones de conducci\u00f3n no son \u00f3ptimas.<\/p>\n<p>El Hydra Alien admite el control inal\u00e1mbrico total del RS2 y el RS3 Pro mediante el <a href=\"https:\/\/de.tilta.com\/shop\/remote-control-kit-for-dji-ronin\/\">Kit de Control Remoto<\/a> opcional, que te permite controlar los ajustes de tu card\u00e1n, as\u00ed como las funciones de grabaci\u00f3n y fotograf\u00eda de tu c\u00e1mara mediante una conexi\u00f3n por cable o inal\u00e1mbrica.<\/p>\n<p>Tambi\u00e9n incorpora una palanca de pulgar que te permite controlar el giro y la inclinaci\u00f3n de tu card\u00e1n para obtener la m\u00e1xima precisi\u00f3n mientras lo manejas.<\/p>\n<p>Alta, baja. A un lado del coche, montada encima de \u00e9l&#8230; casi cualquier toma montada en el coche puede configurarse utilizando el Sistema de Montaje en el Coche Hydra Alien. \u00a1Deja volar tu imaginaci\u00f3n!<\/p>\n<p>*Este sistema es compatible con el DJI RS2, RS3, RS3 Pro, Crane 3S, Ronin 4D y cualquier otro card\u00e1n que pueda montarse mediante tornillos de 1\/4&#8243;-20 y alimentarse mediante P-Tap o internamente*.<\/p>\n<p><strong>PRECAUCI\u00d3N: No recomendamos utilizar las ventosas en veh\u00edculos envueltos debido a problemas de succi\u00f3n relacionados con la luz solar directa y el calor.<\/strong><\/p>\n","protected":false},"excerpt":{"rendered":"<p>RS3 ADVERTENCIA: La \u00faltima generaci\u00f3n del card\u00e1n RS3 NO es compatible con el soporte de fijaci\u00f3n de seguridad de la placa base de la fuente de alimentaci\u00f3n. En las pr\u00f3ximas semanas dispondremos de una clasificaci\u00f3n actualizada. El sistema de montaje [&hellip;]<\/p>\n","protected":false},"featured_media":0,"comment_status":"closed","ping_status":"closed","template":"","meta":[],"product_cat":[2718,2720],"product_tag":[],"acf":[],"gallery_images":[890643,890659,890663,890657,890665,890667,890669],"_links":{"self":[{"href":"https:\/\/eu.tilta.com\/es\/wp-json\/wp\/v2\/product\/2007314"}],"collection":[{"href":"https:\/\/eu.tilta.com\/es\/wp-json\/wp\/v2\/product"}],"about":[{"href":"https:\/\/eu.tilta.com\/es\/wp-json\/wp\/v2\/types\/product"}],"replies":[{"embeddable":true,"href":"https:\/\/eu.tilta.com\/es\/wp-json\/wp\/v2\/comments?post=2007314"}],"wp:attachment":[{"href":"https:\/\/eu.tilta.com\/es\/wp-json\/wp\/v2\/media?parent=2007314"}],"wp:term":[{"taxonomy":"product_cat","embeddable":true,"href":"https:\/\/eu.tilta.com\/es\/wp-json\/wp\/v2\/product_cat?post=2007314"},{"taxonomy":"product_tag","embeddable":true,"href":"https:\/\/eu.tilta.com\/es\/wp-json\/wp\/v2\/product_tag?post=2007314"}],"curies":[{"name":"wp","href":"https:\/\/api.w.org\/{rel}","templated":true}]}}