{"id":2007320,"date":"2020-11-18T15:37:23","date_gmt":"2020-11-18T14:37:23","guid":{"rendered":"https:\/\/de.tilta.com\/shop\/contrapeso-de-100-g\/"},"modified":"2025-12-05T13:43:28","modified_gmt":"2025-12-05T12:43:28","slug":"100g-counterweight","status":"publish","type":"product","link":"https:\/\/eu.tilta.com\/es\/shop\/100g-counterweight\/","title":{"rendered":"Contrapeso de 100 g"},"content":{"rendered":"<p>Este contrapeso de 100 g puede utilizarse junto con la abrazadera de contrapeso del brazo lateral y\/o el adaptador de contrapeso de la placa base de liberaci\u00f3n r\u00e1pida para proporcionar peso adicional si es necesario al equilibrar la configuraci\u00f3n de tu c\u00e1mara en el card\u00e1n.<\/p>\n","protected":false},"excerpt":{"rendered":"<p>Este contrapeso de 100 g puede utilizarse junto con la abrazadera de contrapeso del brazo lateral y\/o el adaptador de contrapeso de la placa base de liberaci\u00f3n r\u00e1pida para proporcionar peso adicional si es necesario al equilibrar la configuraci\u00f3n de [&hellip;]<\/p>\n","protected":false},"featured_media":0,"comment_status":"closed","ping_status":"closed","template":"","meta":[],"product_cat":[3010,3025],"product_tag":[],"acf":[],"gallery_images":[1065909,1065911],"_links":{"self":[{"href":"https:\/\/eu.tilta.com\/es\/wp-json\/wp\/v2\/product\/2007320"}],"collection":[{"href":"https:\/\/eu.tilta.com\/es\/wp-json\/wp\/v2\/product"}],"about":[{"href":"https:\/\/eu.tilta.com\/es\/wp-json\/wp\/v2\/types\/product"}],"replies":[{"embeddable":true,"href":"https:\/\/eu.tilta.com\/es\/wp-json\/wp\/v2\/comments?post=2007320"}],"wp:attachment":[{"href":"https:\/\/eu.tilta.com\/es\/wp-json\/wp\/v2\/media?parent=2007320"}],"wp:term":[{"taxonomy":"product_cat","embeddable":true,"href":"https:\/\/eu.tilta.com\/es\/wp-json\/wp\/v2\/product_cat?post=2007320"},{"taxonomy":"product_tag","embeddable":true,"href":"https:\/\/eu.tilta.com\/es\/wp-json\/wp\/v2\/product_tag?post=2007320"}],"curies":[{"name":"wp","href":"https:\/\/api.w.org\/{rel}","templated":true}]}}