{"id":2007322,"date":"2020-11-18T15:30:29","date_gmt":"2020-11-18T14:30:29","guid":{"rendered":"https:\/\/de.tilta.com\/shop\/soporte-superior-de-camara-para-dji-ronin\/"},"modified":"2025-12-05T13:43:29","modified_gmt":"2025-12-05T12:43:29","slug":"top-camera-support-bracket-for-rs-2","status":"publish","type":"product","link":"https:\/\/eu.tilta.com\/es\/shop\/top-camera-support-bracket-for-rs-2\/","title":{"rendered":"Soporte superior de c\u00e1mara para DJI Ronin"},"content":{"rendered":"<p>Este soporte superior para c\u00e1mara se fija desde la base del brazo de ajuste de altura de la DJI RS2, RS3 y RS3 Pro a la parte superior de tu c\u00e1mara mediante un punto de montaje de zapata fr\u00eda.<\/p>\n<p>Esto proporciona una mayor estabilidad a la configuraci\u00f3n de tu c\u00e1mara y puede ayudar a mejorar el rendimiento de tu card\u00e1n.<\/p>\n<p>Este tipo de soporte es un accesorio especialmente \u00fatil para un sistema como nuestro Hydra Alien.<\/p>\n<p>Funciona como un punto de contacto adicional entre el card\u00e1n y el cuerpo de la c\u00e1mara que puede ayudar a estabilizar el card\u00e1n a velocidades m\u00e1s altas, as\u00ed como proporcionar seguridad adicional.<\/p>\n<p>El Soporte superior para c\u00e1mara es compatible con las c\u00e1maras DJI RS2, RS3 y RS3 Pro.<\/p>\n","protected":false},"excerpt":{"rendered":"<p>Este soporte superior para c\u00e1mara se fija desde la base del brazo de ajuste de altura de la DJI RS2, RS3 y RS3 Pro a la parte superior de tu c\u00e1mara mediante un punto de montaje de zapata fr\u00eda. Esto [&hellip;]<\/p>\n","protected":false},"featured_media":0,"comment_status":"closed","ping_status":"closed","template":"","meta":[],"product_cat":[3010,2943],"product_tag":[],"acf":[],"gallery_images":[1068967,1068968],"_links":{"self":[{"href":"https:\/\/eu.tilta.com\/es\/wp-json\/wp\/v2\/product\/2007322"}],"collection":[{"href":"https:\/\/eu.tilta.com\/es\/wp-json\/wp\/v2\/product"}],"about":[{"href":"https:\/\/eu.tilta.com\/es\/wp-json\/wp\/v2\/types\/product"}],"replies":[{"embeddable":true,"href":"https:\/\/eu.tilta.com\/es\/wp-json\/wp\/v2\/comments?post=2007322"}],"wp:attachment":[{"href":"https:\/\/eu.tilta.com\/es\/wp-json\/wp\/v2\/media?parent=2007322"}],"wp:term":[{"taxonomy":"product_cat","embeddable":true,"href":"https:\/\/eu.tilta.com\/es\/wp-json\/wp\/v2\/product_cat?post=2007322"},{"taxonomy":"product_tag","embeddable":true,"href":"https:\/\/eu.tilta.com\/es\/wp-json\/wp\/v2\/product_tag?post=2007322"}],"curies":[{"name":"wp","href":"https:\/\/api.w.org\/{rel}","templated":true}]}}