{"id":2007324,"date":"2020-11-18T15:21:19","date_gmt":"2020-11-18T14:21:19","guid":{"rendered":"https:\/\/de.tilta.com\/shop\/adaptador-de-zapata-fria-de-montaje-lateral\/"},"modified":"2026-02-16T09:00:58","modified_gmt":"2026-02-16T08:00:58","slug":"side-mounted-cold-shoe-adapter","status":"publish","type":"product","link":"https:\/\/eu.tilta.com\/es\/shop\/side-mounted-cold-shoe-adapter\/","title":{"rendered":"Adaptador de zapata fr\u00eda de montaje lateral"},"content":{"rendered":"<p>Este adaptador se acopla al lateral del card\u00e1n mediante una conexi\u00f3n de ra\u00edl OTAN y proporciona una montura de zapata fr\u00eda que te permite acoplar diversos accesorios basados en zapatas fr\u00edas.<\/p>\n<p>Compatible con DJI RS2, RSC2, RS3\/3 Pro y RS4\/4 Pro<\/p>\n","protected":false},"excerpt":{"rendered":"<p>Este adaptador se acopla al lateral del card\u00e1n mediante una conexi\u00f3n de ra\u00edl OTAN y proporciona una montura de zapata fr\u00eda que te permite acoplar diversos accesorios basados en zapatas fr\u00edas. Compatible con DJI RS2, RSC2, RS3\/3 Pro y RS4\/4 [&hellip;]<\/p>\n","protected":false},"featured_media":0,"comment_status":"closed","ping_status":"closed","template":"","meta":[],"product_cat":[4448,3010],"product_tag":[],"acf":[],"gallery_images":[1066201,1066202,1066203,1066206],"_links":{"self":[{"href":"https:\/\/eu.tilta.com\/es\/wp-json\/wp\/v2\/product\/2007324"}],"collection":[{"href":"https:\/\/eu.tilta.com\/es\/wp-json\/wp\/v2\/product"}],"about":[{"href":"https:\/\/eu.tilta.com\/es\/wp-json\/wp\/v2\/types\/product"}],"replies":[{"embeddable":true,"href":"https:\/\/eu.tilta.com\/es\/wp-json\/wp\/v2\/comments?post=2007324"}],"wp:attachment":[{"href":"https:\/\/eu.tilta.com\/es\/wp-json\/wp\/v2\/media?parent=2007324"}],"wp:term":[{"taxonomy":"product_cat","embeddable":true,"href":"https:\/\/eu.tilta.com\/es\/wp-json\/wp\/v2\/product_cat?post=2007324"},{"taxonomy":"product_tag","embeddable":true,"href":"https:\/\/eu.tilta.com\/es\/wp-json\/wp\/v2\/product_tag?post=2007324"}],"curies":[{"name":"wp","href":"https:\/\/api.w.org\/{rel}","templated":true}]}}