{"id":2007325,"date":"2020-11-18T15:14:08","date_gmt":"2020-11-18T14:14:08","guid":{"rendered":"https:\/\/de.tilta.com\/shop\/brazo-extensor-de-roseta\/"},"modified":"2026-04-23T13:44:17","modified_gmt":"2026-04-23T11:44:17","slug":"rosette-extender-arm","status":"publish","type":"product","link":"https:\/\/eu.tilta.com\/es\/shop\/rosette-extender-arm\/","title":{"rendered":"Brazo extensor de roseta"},"content":{"rendered":"<p>Este brazo extensor te permite ajustar el \u00e1ngulo y la longitud de las empu\u00f1aduras de operaci\u00f3n para que operes con la m\u00e1xima comodidad.<\/p>\n<p>Incorpora conexiones de roseta est\u00e1ndar Arri, por lo que puede acoplarse a cualquier roseta compatible.<\/p>\n","protected":false},"excerpt":{"rendered":"<p>Este brazo extensor te permite ajustar el \u00e1ngulo y la longitud de las empu\u00f1aduras de operaci\u00f3n para que operes con la m\u00e1xima comodidad. Incorpora conexiones de roseta est\u00e1ndar Arri, por lo que puede acoplarse a cualquier roseta compatible.<\/p>\n","protected":false},"featured_media":0,"comment_status":"closed","ping_status":"closed","template":"","meta":[],"product_cat":[3010,2942],"product_tag":[],"acf":[],"gallery_images":[1065952,1065953,994315],"_links":{"self":[{"href":"https:\/\/eu.tilta.com\/es\/wp-json\/wp\/v2\/product\/2007325"}],"collection":[{"href":"https:\/\/eu.tilta.com\/es\/wp-json\/wp\/v2\/product"}],"about":[{"href":"https:\/\/eu.tilta.com\/es\/wp-json\/wp\/v2\/types\/product"}],"replies":[{"embeddable":true,"href":"https:\/\/eu.tilta.com\/es\/wp-json\/wp\/v2\/comments?post=2007325"}],"wp:attachment":[{"href":"https:\/\/eu.tilta.com\/es\/wp-json\/wp\/v2\/media?parent=2007325"}],"wp:term":[{"taxonomy":"product_cat","embeddable":true,"href":"https:\/\/eu.tilta.com\/es\/wp-json\/wp\/v2\/product_cat?post=2007325"},{"taxonomy":"product_tag","embeddable":true,"href":"https:\/\/eu.tilta.com\/es\/wp-json\/wp\/v2\/product_tag?post=2007325"}],"curies":[{"name":"wp","href":"https:\/\/api.w.org\/{rel}","templated":true}]}}