{"id":2007326,"date":"2020-11-18T15:10:31","date_gmt":"2020-11-18T14:10:31","guid":{"rendered":"https:\/\/de.tilta.com\/shop\/adaptador-lateral-derecho-de-rail-otan-a-roseta\/"},"modified":"2025-12-05T13:43:31","modified_gmt":"2025-12-05T12:43:31","slug":"right-side-nato-rail-to-rosette-adapter","status":"publish","type":"product","link":"https:\/\/eu.tilta.com\/es\/shop\/right-side-nato-rail-to-rosette-adapter\/","title":{"rendered":"Adaptador lateral derecho de ra\u00edl OTAN a roseta"},"content":{"rendered":"<p>Este adaptador se acopla al lado derecho del card\u00e1n mediante una conexi\u00f3n de ra\u00edl OTAN para proporcionarte un punto de montaje de la roseta est\u00e1ndar ARRI, as\u00ed como un receptor de zapata fr\u00eda y una rosca de 1\/4\u2033-20.<\/p>\n<p>Esto te permite acoplar al card\u00e1n diversos accesorios basados en rosetas, como empu\u00f1aduras, que permiten un manejo m\u00e1s c\u00f3modo y estable.<\/p>\n<p>Este adaptador tambi\u00e9n puede utilizarse con nuestros brazos extensores de roseta, que proporcionan m\u00e1s flexibilidad a la hora de colocar la empu\u00f1adura.<\/p>\n<p>El receptor de zapata fr\u00eda de la parte superior del adaptador tambi\u00e9n se puede utilizar con varios accesorios de zapata fr\u00eda, como nuestro soporte de zapata fr\u00eda a 1\/4\u2033-20.<\/p>\n<p>La rosca de 1\/4\u2033-20 proporciona un punto de montaje universal para los peque\u00f1os brazos noga y otros accesorios que utilizan roscas de 1\/4\u2033-20.<\/p>\n<p>La conexi\u00f3n de roseta tambi\u00e9n se puede utilizar junto con nuestra placa de fijaci\u00f3n de volante Nucleus-Nano para montar la unidad de mano Nucleus Nano en las DJI RS2, RSC2, RS3\/3 Pro y RS4\/4 Pro.<\/p>\n","protected":false},"excerpt":{"rendered":"<p>Este adaptador se acopla al lado derecho del card\u00e1n mediante una conexi\u00f3n de ra\u00edl OTAN para proporcionarte un punto de montaje de la roseta est\u00e1ndar ARRI, as\u00ed como un receptor de zapata fr\u00eda y una rosca de 1\/4\u2033-20. Esto te [&hellip;]<\/p>\n","protected":false},"featured_media":0,"comment_status":"closed","ping_status":"closed","template":"","meta":[],"product_cat":[3010],"product_tag":[],"acf":[],"gallery_images":[1066188,1066189,1066190],"_links":{"self":[{"href":"https:\/\/eu.tilta.com\/es\/wp-json\/wp\/v2\/product\/2007326"}],"collection":[{"href":"https:\/\/eu.tilta.com\/es\/wp-json\/wp\/v2\/product"}],"about":[{"href":"https:\/\/eu.tilta.com\/es\/wp-json\/wp\/v2\/types\/product"}],"replies":[{"embeddable":true,"href":"https:\/\/eu.tilta.com\/es\/wp-json\/wp\/v2\/comments?post=2007326"}],"wp:attachment":[{"href":"https:\/\/eu.tilta.com\/es\/wp-json\/wp\/v2\/media?parent=2007326"}],"wp:term":[{"taxonomy":"product_cat","embeddable":true,"href":"https:\/\/eu.tilta.com\/es\/wp-json\/wp\/v2\/product_cat?post=2007326"},{"taxonomy":"product_tag","embeddable":true,"href":"https:\/\/eu.tilta.com\/es\/wp-json\/wp\/v2\/product_tag?post=2007326"}],"curies":[{"name":"wp","href":"https:\/\/api.w.org\/{rel}","templated":true}]}}