{"id":2007328,"date":"2020-11-18T15:00:56","date_gmt":"2020-11-18T14:00:56","guid":{"rendered":"https:\/\/de.tilta.com\/shop\/soporte-de-montaje-del-monitor\/"},"modified":"2025-12-05T13:43:32","modified_gmt":"2025-12-05T12:43:32","slug":"monitor-mounting-bracket","status":"publish","type":"product","link":"https:\/\/eu.tilta.com\/es\/shop\/monitor-mounting-bracket\/","title":{"rendered":"Soporte de montaje del monitor"},"content":{"rendered":"<p>Este soporte se fija al lateral del card\u00e1n mediante una conexi\u00f3n de ra\u00edl OTAN y se extiende horizontalmente hacia el lateral para permitirte acoplar un peque\u00f1o monitor a tu configuraci\u00f3n mediante un tornillo de 1\/4&#8243;-20 que se aprieta con los dedos.<\/p>\n<p>Compatible con DJI RS2, RSC2, RS3, RS3 Pro y RS4\/4 Pro<\/p>\n","protected":false},"excerpt":{"rendered":"<p>Este soporte se fija al lateral del card\u00e1n mediante una conexi\u00f3n de ra\u00edl OTAN y se extiende horizontalmente hacia el lateral para permitirte acoplar un peque\u00f1o monitor a tu configuraci\u00f3n mediante un tornillo de 1\/4&#8243;-20 que se aprieta con los [&hellip;]<\/p>\n","protected":false},"featured_media":0,"comment_status":"closed","ping_status":"closed","template":"","meta":[],"product_cat":[3010],"product_tag":[],"acf":[],"gallery_images":[1068861,1068863,1068862],"_links":{"self":[{"href":"https:\/\/eu.tilta.com\/es\/wp-json\/wp\/v2\/product\/2007328"}],"collection":[{"href":"https:\/\/eu.tilta.com\/es\/wp-json\/wp\/v2\/product"}],"about":[{"href":"https:\/\/eu.tilta.com\/es\/wp-json\/wp\/v2\/types\/product"}],"replies":[{"embeddable":true,"href":"https:\/\/eu.tilta.com\/es\/wp-json\/wp\/v2\/comments?post=2007328"}],"wp:attachment":[{"href":"https:\/\/eu.tilta.com\/es\/wp-json\/wp\/v2\/media?parent=2007328"}],"wp:term":[{"taxonomy":"product_cat","embeddable":true,"href":"https:\/\/eu.tilta.com\/es\/wp-json\/wp\/v2\/product_cat?post=2007328"},{"taxonomy":"product_tag","embeddable":true,"href":"https:\/\/eu.tilta.com\/es\/wp-json\/wp\/v2\/product_tag?post=2007328"}],"curies":[{"name":"wp","href":"https:\/\/api.w.org\/{rel}","templated":true}]}}