{"id":2007329,"date":"2020-11-18T14:56:32","date_gmt":"2020-11-18T13:56:32","guid":{"rendered":"https:\/\/de.tilta.com\/shop\/placa-base-de-liberacion-rapida-ampliada\/"},"modified":"2025-12-05T13:43:32","modified_gmt":"2025-12-05T12:43:32","slug":"extended-quick-release-baseplate","status":"publish","type":"product","link":"https:\/\/eu.tilta.com\/es\/shop\/extended-quick-release-baseplate\/","title":{"rendered":"Placa base de liberaci\u00f3n r\u00e1pida ampliada"},"content":{"rendered":"<p>Esta placa base de liberaci\u00f3n r\u00e1pida ampliada se monta en la placa base existente para proporcionar una base m\u00e1s ancha y segura para configuraciones de c\u00e1mara m\u00e1s pesadas y\/o grandes.<\/p>\n<p>Esto te ayuda a equilibrar mejor una configuraci\u00f3n de c\u00e1mara m\u00e1s grande.<\/p>\n<p>*Requiere <a href=\"https:\/\/de.tilta.com\/shop\/manfrotto-quick-release-extender-plate\/\">placa extensora de liberaci\u00f3n r\u00e1pida Manfrotto*<\/a><\/p>\n","protected":false},"excerpt":{"rendered":"<p>Esta placa base de liberaci\u00f3n r\u00e1pida ampliada se monta en la placa base existente para proporcionar una base m\u00e1s ancha y segura para configuraciones de c\u00e1mara m\u00e1s pesadas y\/o grandes. Esto te ayuda a equilibrar mejor una configuraci\u00f3n de c\u00e1mara [&hellip;]<\/p>\n","protected":false},"featured_media":0,"comment_status":"closed","ping_status":"closed","template":"","meta":[],"product_cat":[3010],"product_tag":[],"acf":[],"gallery_images":[1068788],"_links":{"self":[{"href":"https:\/\/eu.tilta.com\/es\/wp-json\/wp\/v2\/product\/2007329"}],"collection":[{"href":"https:\/\/eu.tilta.com\/es\/wp-json\/wp\/v2\/product"}],"about":[{"href":"https:\/\/eu.tilta.com\/es\/wp-json\/wp\/v2\/types\/product"}],"replies":[{"embeddable":true,"href":"https:\/\/eu.tilta.com\/es\/wp-json\/wp\/v2\/comments?post=2007329"}],"wp:attachment":[{"href":"https:\/\/eu.tilta.com\/es\/wp-json\/wp\/v2\/media?parent=2007329"}],"wp:term":[{"taxonomy":"product_cat","embeddable":true,"href":"https:\/\/eu.tilta.com\/es\/wp-json\/wp\/v2\/product_cat?post=2007329"},{"taxonomy":"product_tag","embeddable":true,"href":"https:\/\/eu.tilta.com\/es\/wp-json\/wp\/v2\/product_tag?post=2007329"}],"curies":[{"name":"wp","href":"https:\/\/api.w.org\/{rel}","templated":true}]}}