{"id":2007330,"date":"2020-11-18T14:47:56","date_gmt":"2020-11-18T13:47:56","guid":{"rendered":"https:\/\/de.tilta.com\/shop\/soporte-de-montaje-de-accesorios-de-la-base-del-asa-de-la-bateria\/"},"modified":"2025-12-05T13:43:32","modified_gmt":"2025-12-05T12:43:32","slug":"battery-handle-base-accessory-mounting-bracket","status":"publish","type":"product","link":"https:\/\/eu.tilta.com\/es\/shop\/battery-handle-base-accessory-mounting-bracket\/","title":{"rendered":"Soporte de montaje de accesorios de la base del asa de la bater\u00eda"},"content":{"rendered":"<p>Este soporte se fija a la parte inferior del asa de la bater\u00eda de tu card\u00e1n para permitirte montar el tr\u00edpode del card\u00e1n junto con otros accesorios si lo deseas.<\/p>\n<p>El soporte presenta orificios para tornillos de 1\/4&#8243;-20 y 3\/8&#8243;-16 en la parte inferior, as\u00ed como los dos peque\u00f1os ra\u00edles OTAN que se fijan a los lados del soporte.<\/p>\n<p>Compatible con DJI RS2, RSC2, RS3\/3 Pro y RS4\/4 Pro<\/p>\n","protected":false},"excerpt":{"rendered":"<p>Este soporte se fija a la parte inferior del asa de la bater\u00eda de tu card\u00e1n para permitirte montar el tr\u00edpode del card\u00e1n junto con otros accesorios si lo deseas. El soporte presenta orificios para tornillos de 1\/4&#8243;-20 y 3\/8&#8243;-16 [&hellip;]<\/p>\n","protected":false},"featured_media":0,"comment_status":"closed","ping_status":"closed","template":"","meta":[],"product_cat":[3010],"product_tag":[],"acf":[],"gallery_images":[1068704,1068705,1068706,1068707],"_links":{"self":[{"href":"https:\/\/eu.tilta.com\/es\/wp-json\/wp\/v2\/product\/2007330"}],"collection":[{"href":"https:\/\/eu.tilta.com\/es\/wp-json\/wp\/v2\/product"}],"about":[{"href":"https:\/\/eu.tilta.com\/es\/wp-json\/wp\/v2\/types\/product"}],"replies":[{"embeddable":true,"href":"https:\/\/eu.tilta.com\/es\/wp-json\/wp\/v2\/comments?post=2007330"}],"wp:attachment":[{"href":"https:\/\/eu.tilta.com\/es\/wp-json\/wp\/v2\/media?parent=2007330"}],"wp:term":[{"taxonomy":"product_cat","embeddable":true,"href":"https:\/\/eu.tilta.com\/es\/wp-json\/wp\/v2\/product_cat?post=2007330"},{"taxonomy":"product_tag","embeddable":true,"href":"https:\/\/eu.tilta.com\/es\/wp-json\/wp\/v2\/product_tag?post=2007330"}],"curies":[{"name":"wp","href":"https:\/\/api.w.org\/{rel}","templated":true}]}}