{"id":2007331,"date":"2020-11-18T14:43:30","date_gmt":"2020-11-18T13:43:30","guid":{"rendered":"https:\/\/de.tilta.com\/shop\/placa-base-de-liberacion-rapida-adaptador-de-contrapeso\/"},"modified":"2025-12-22T16:37:33","modified_gmt":"2025-12-22T15:37:33","slug":"quick-release-baseplate-counterweight-adapter","status":"publish","type":"product","link":"https:\/\/eu.tilta.com\/es\/shop\/quick-release-baseplate-counterweight-adapter\/","title":{"rendered":"Placa base de liberaci\u00f3n r\u00e1pida Adaptador de contrapeso"},"content":{"rendered":"<p>Este adaptador se fija a la parte inferior de la placa base de las DJI RS2, RSC2, RS3\/3 Pro y RS4\/4 Pro para permitir la adici\u00f3n de contrapesos.<\/p>\n<p>Esto puede ayudar a equilibrar la configuraci\u00f3n de tu c\u00e1mara en el card\u00e1n si es demasiado pesada por delante o por detr\u00e1s.<\/p>\n","protected":false},"excerpt":{"rendered":"<p>Este adaptador se fija a la parte inferior de la placa base de las DJI RS2, RSC2, RS3\/3 Pro y RS4\/4 Pro para permitir la adici\u00f3n de contrapesos. Esto puede ayudar a equilibrar la configuraci\u00f3n de tu c\u00e1mara en el [&hellip;]<\/p>\n","protected":false},"featured_media":0,"comment_status":"closed","ping_status":"closed","template":"","meta":[],"product_cat":[3010,3025],"product_tag":[],"acf":[],"gallery_images":[1065634,1065639,1065640],"_links":{"self":[{"href":"https:\/\/eu.tilta.com\/es\/wp-json\/wp\/v2\/product\/2007331"}],"collection":[{"href":"https:\/\/eu.tilta.com\/es\/wp-json\/wp\/v2\/product"}],"about":[{"href":"https:\/\/eu.tilta.com\/es\/wp-json\/wp\/v2\/types\/product"}],"replies":[{"embeddable":true,"href":"https:\/\/eu.tilta.com\/es\/wp-json\/wp\/v2\/comments?post=2007331"}],"wp:attachment":[{"href":"https:\/\/eu.tilta.com\/es\/wp-json\/wp\/v2\/media?parent=2007331"}],"wp:term":[{"taxonomy":"product_cat","embeddable":true,"href":"https:\/\/eu.tilta.com\/es\/wp-json\/wp\/v2\/product_cat?post=2007331"},{"taxonomy":"product_tag","embeddable":true,"href":"https:\/\/eu.tilta.com\/es\/wp-json\/wp\/v2\/product_tag?post=2007331"}],"curies":[{"name":"wp","href":"https:\/\/api.w.org\/{rel}","templated":true}]}}