{"id":2007332,"date":"2020-11-17T01:49:50","date_gmt":"2020-11-17T00:49:50","guid":{"rendered":"https:\/\/de.tilta.com\/shop\/accesorio-de-rail-tilta-36mm-otan\/"},"modified":"2026-02-16T09:03:17","modified_gmt":"2026-02-16T08:03:17","slug":"tiltaing-36mm-nato-rail-attachment","status":"publish","type":"product","link":"https:\/\/eu.tilta.com\/es\/shop\/tiltaing-36mm-nato-rail-attachment\/","title":{"rendered":"Accesorio de ra\u00edl Tilta 36mm OTAN"},"content":{"rendered":"<p>Este accesorio de ra\u00edl OTAN de 36 mm puede fijarse a las jaulas de c\u00e1mara Tiltaing mediante dos tornillos de 1\/4&#8243;-20. Esto te permite acoplar a tu configuraci\u00f3n las distintas empu\u00f1aduras basadas en ra\u00edles de la OTAN, para proporcionarte una experiencia de manejo m\u00e1s c\u00f3moda.<\/p>\n","protected":false},"excerpt":{"rendered":"<p>Este accesorio de ra\u00edl OTAN de 36 mm puede fijarse a las jaulas de c\u00e1mara Tiltaing mediante dos tornillos de 1\/4&#8243;-20. Esto te permite acoplar a tu configuraci\u00f3n las distintas empu\u00f1aduras basadas en ra\u00edles de la OTAN, para proporcionarte una [&hellip;]<\/p>\n","protected":false},"featured_media":0,"comment_status":"closed","ping_status":"closed","template":"","meta":[],"product_cat":[4448,2992,2784],"product_tag":[],"acf":[],"gallery_images":[885622],"_links":{"self":[{"href":"https:\/\/eu.tilta.com\/es\/wp-json\/wp\/v2\/product\/2007332"}],"collection":[{"href":"https:\/\/eu.tilta.com\/es\/wp-json\/wp\/v2\/product"}],"about":[{"href":"https:\/\/eu.tilta.com\/es\/wp-json\/wp\/v2\/types\/product"}],"replies":[{"embeddable":true,"href":"https:\/\/eu.tilta.com\/es\/wp-json\/wp\/v2\/comments?post=2007332"}],"wp:attachment":[{"href":"https:\/\/eu.tilta.com\/es\/wp-json\/wp\/v2\/media?parent=2007332"}],"wp:term":[{"taxonomy":"product_cat","embeddable":true,"href":"https:\/\/eu.tilta.com\/es\/wp-json\/wp\/v2\/product_cat?post=2007332"},{"taxonomy":"product_tag","embeddable":true,"href":"https:\/\/eu.tilta.com\/es\/wp-json\/wp\/v2\/product_tag?post=2007332"}],"curies":[{"name":"wp","href":"https:\/\/api.w.org\/{rel}","templated":true}]}}