{"id":2007334,"date":"2020-11-16T16:44:43","date_gmt":"2020-11-16T15:44:43","guid":{"rendered":"https:\/\/de.tilta.com\/shop\/munequera-tilta-para-empunadura-de-enfoque-avanzado-derecha\/"},"modified":"2026-01-22T22:36:45","modified_gmt":"2026-01-22T21:36:45","slug":"tiltaing-wrist-strap-for-right-side-advanced-focus-handle","status":"publish","type":"product","link":"https:\/\/eu.tilta.com\/es\/shop\/tiltaing-wrist-strap-for-right-side-advanced-focus-handle\/","title":{"rendered":"Mu\u00f1equera Tilta para Empu\u00f1adura de Enfoque Avanzado Derecha"},"content":{"rendered":"<p>Esta correa de mano se acopla a la empu\u00f1adura de enfoque avanzado lateral derecha Tiltaing para proporcionarte una forma segura de sujetar tu equipo fotogr\u00e1fico.<\/p>\n","protected":false},"excerpt":{"rendered":"<p>Esta correa de mano se acopla a la empu\u00f1adura de enfoque avanzado lateral derecha Tiltaing para proporcionarte una forma segura de sujetar tu equipo fotogr\u00e1fico.<\/p>\n","protected":false},"featured_media":0,"comment_status":"closed","ping_status":"closed","template":"","meta":[],"product_cat":[2886,2748,2923],"product_tag":[],"acf":[],"gallery_images":[],"_links":{"self":[{"href":"https:\/\/eu.tilta.com\/es\/wp-json\/wp\/v2\/product\/2007334"}],"collection":[{"href":"https:\/\/eu.tilta.com\/es\/wp-json\/wp\/v2\/product"}],"about":[{"href":"https:\/\/eu.tilta.com\/es\/wp-json\/wp\/v2\/types\/product"}],"replies":[{"embeddable":true,"href":"https:\/\/eu.tilta.com\/es\/wp-json\/wp\/v2\/comments?post=2007334"}],"wp:attachment":[{"href":"https:\/\/eu.tilta.com\/es\/wp-json\/wp\/v2\/media?parent=2007334"}],"wp:term":[{"taxonomy":"product_cat","embeddable":true,"href":"https:\/\/eu.tilta.com\/es\/wp-json\/wp\/v2\/product_cat?post=2007334"},{"taxonomy":"product_tag","embeddable":true,"href":"https:\/\/eu.tilta.com\/es\/wp-json\/wp\/v2\/product_tag?post=2007334"}],"curies":[{"name":"wp","href":"https:\/\/api.w.org\/{rel}","templated":true}]}}