{"id":2007335,"date":"2020-11-16T16:40:16","date_gmt":"2020-11-16T15:40:16","guid":{"rendered":"https:\/\/de.tilta.com\/shop\/munequera-tilta-para-empunadura-de-potencia-avanzada-izquierda\/"},"modified":"2025-12-05T13:43:35","modified_gmt":"2025-12-05T12:43:35","slug":"tiltaing-wrist-strap-for-left-side-advanced-power-handle","status":"publish","type":"product","link":"https:\/\/eu.tilta.com\/es\/shop\/tiltaing-wrist-strap-for-left-side-advanced-power-handle\/","title":{"rendered":"Mu\u00f1equera Tilta para empu\u00f1adura de potencia avanzada izquierda"},"content":{"rendered":"<p>Esta correa de mano se sujeta a la empu\u00f1adura basculante izquierda Advanced Power Handle para proporcionarte una forma segura de sujetar tu equipo fotogr\u00e1fico.<\/p>\n","protected":false},"excerpt":{"rendered":"<p>Esta correa de mano se sujeta a la empu\u00f1adura basculante izquierda Advanced Power Handle para proporcionarte una forma segura de sujetar tu equipo fotogr\u00e1fico.<\/p>\n","protected":false},"featured_media":0,"comment_status":"closed","ping_status":"closed","template":"","meta":[],"product_cat":[2886,2748,2923],"product_tag":[],"acf":[],"gallery_images":[],"_links":{"self":[{"href":"https:\/\/eu.tilta.com\/es\/wp-json\/wp\/v2\/product\/2007335"}],"collection":[{"href":"https:\/\/eu.tilta.com\/es\/wp-json\/wp\/v2\/product"}],"about":[{"href":"https:\/\/eu.tilta.com\/es\/wp-json\/wp\/v2\/types\/product"}],"replies":[{"embeddable":true,"href":"https:\/\/eu.tilta.com\/es\/wp-json\/wp\/v2\/comments?post=2007335"}],"wp:attachment":[{"href":"https:\/\/eu.tilta.com\/es\/wp-json\/wp\/v2\/media?parent=2007335"}],"wp:term":[{"taxonomy":"product_cat","embeddable":true,"href":"https:\/\/eu.tilta.com\/es\/wp-json\/wp\/v2\/product_cat?post=2007335"},{"taxonomy":"product_tag","embeddable":true,"href":"https:\/\/eu.tilta.com\/es\/wp-json\/wp\/v2\/product_tag?post=2007335"}],"curies":[{"name":"wp","href":"https:\/\/api.w.org\/{rel}","templated":true}]}}