{"id":2007346,"date":"2020-11-10T15:45:58","date_gmt":"2020-11-10T14:45:58","guid":{"rendered":"https:\/\/de.tilta.com\/shop\/accesorio-receptor-de-zapata-fria-tilta\/"},"modified":"2026-02-16T09:03:17","modified_gmt":"2026-02-16T08:03:17","slug":"tiltaing-cold-shoe-receiver-attachment","status":"publish","type":"product","link":"https:\/\/eu.tilta.com\/es\/shop\/tiltaing-cold-shoe-receiver-attachment\/","title":{"rendered":"Accesorio receptor de zapata fr\u00eda Tilta"},"content":{"rendered":"<p>Este accesorio se monta en cualquiera de los orificios para tornillos ARRI de 1\/4&#8243;-20 de las jaulas de c\u00e1mara Tiltaing para proporcionar una montura receptora de zapata fr\u00eda. Esto te permite montar en tu configuraci\u00f3n cualquier accesorio basado en zapatas de fr\u00edo.<\/p>\n","protected":false},"excerpt":{"rendered":"<p>Este accesorio se monta en cualquiera de los orificios para tornillos ARRI de 1\/4&#8243;-20 de las jaulas de c\u00e1mara Tiltaing para proporcionar una montura receptora de zapata fr\u00eda. Esto te permite montar en tu configuraci\u00f3n cualquier accesorio basado en zapatas [&hellip;]<\/p>\n","protected":false},"featured_media":0,"comment_status":"closed","ping_status":"closed","template":"","meta":[],"product_cat":[4448,2819,2746,2723,2725,2732,2943],"product_tag":[],"acf":[],"gallery_images":[885400],"_links":{"self":[{"href":"https:\/\/eu.tilta.com\/es\/wp-json\/wp\/v2\/product\/2007346"}],"collection":[{"href":"https:\/\/eu.tilta.com\/es\/wp-json\/wp\/v2\/product"}],"about":[{"href":"https:\/\/eu.tilta.com\/es\/wp-json\/wp\/v2\/types\/product"}],"replies":[{"embeddable":true,"href":"https:\/\/eu.tilta.com\/es\/wp-json\/wp\/v2\/comments?post=2007346"}],"wp:attachment":[{"href":"https:\/\/eu.tilta.com\/es\/wp-json\/wp\/v2\/media?parent=2007346"}],"wp:term":[{"taxonomy":"product_cat","embeddable":true,"href":"https:\/\/eu.tilta.com\/es\/wp-json\/wp\/v2\/product_cat?post=2007346"},{"taxonomy":"product_tag","embeddable":true,"href":"https:\/\/eu.tilta.com\/es\/wp-json\/wp\/v2\/product_tag?post=2007346"}],"curies":[{"name":"wp","href":"https:\/\/api.w.org\/{rel}","templated":true}]}}