{"id":2007349,"date":"2020-11-10T13:50:19","date_gmt":"2020-11-10T12:50:19","guid":{"rendered":"https:\/\/de.tilta.com\/shop\/placa-de-liberacion-rapida-arca-para-sony-a7s-iii\/"},"modified":"2026-02-16T09:03:18","modified_gmt":"2026-02-16T08:03:18","slug":"arca-quick-release-plate-for-sony-a7s-iii","status":"publish","type":"product","link":"https:\/\/eu.tilta.com\/es\/shop\/arca-quick-release-plate-for-sony-a7s-iii\/","title":{"rendered":"Placa de liberaci\u00f3n r\u00e1pida ARCA para Sony a7S III"},"content":{"rendered":"<p>Esta placa de liberaci\u00f3n r\u00e1pida compatible con Arca-Swiss se acopla directamente a la parte inferior de las jaulas de c\u00e1mara completa y media Tiltaing para Sony a7S III para que puedas acoplarla y desacoplarla r\u00e1pida y f\u00e1cilmente de los sistemas de soporte Arca-Swiss.<\/p>\n","protected":false},"excerpt":{"rendered":"<p>Esta placa de liberaci\u00f3n r\u00e1pida compatible con Arca-Swiss se acopla directamente a la parte inferior de las jaulas de c\u00e1mara completa y media Tiltaing para Sony a7S III para que puedas acoplarla y desacoplarla r\u00e1pida y f\u00e1cilmente de los sistemas [&hellip;]<\/p>\n","protected":false},"featured_media":0,"comment_status":"closed","ping_status":"closed","template":"","meta":[],"product_cat":[4448,2725,2936,2943],"product_tag":[],"acf":[],"gallery_images":[885371],"_links":{"self":[{"href":"https:\/\/eu.tilta.com\/es\/wp-json\/wp\/v2\/product\/2007349"}],"collection":[{"href":"https:\/\/eu.tilta.com\/es\/wp-json\/wp\/v2\/product"}],"about":[{"href":"https:\/\/eu.tilta.com\/es\/wp-json\/wp\/v2\/types\/product"}],"replies":[{"embeddable":true,"href":"https:\/\/eu.tilta.com\/es\/wp-json\/wp\/v2\/comments?post=2007349"}],"wp:attachment":[{"href":"https:\/\/eu.tilta.com\/es\/wp-json\/wp\/v2\/media?parent=2007349"}],"wp:term":[{"taxonomy":"product_cat","embeddable":true,"href":"https:\/\/eu.tilta.com\/es\/wp-json\/wp\/v2\/product_cat?post=2007349"},{"taxonomy":"product_tag","embeddable":true,"href":"https:\/\/eu.tilta.com\/es\/wp-json\/wp\/v2\/product_tag?post=2007349"}],"curies":[{"name":"wp","href":"https:\/\/api.w.org\/{rel}","templated":true}]}}