{"id":2007352,"date":"2020-11-10T13:26:20","date_gmt":"2020-11-10T12:26:20","guid":{"rendered":"https:\/\/de.tilta.com\/shop\/placa-de-liberacion-rapida-manfrotto-para-sony-a7s-iii\/"},"modified":"2026-04-30T10:01:15","modified_gmt":"2026-04-30T08:01:15","slug":"manfrotto-quick-release-plate-for-sony-a7s-iii","status":"publish","type":"product","link":"https:\/\/eu.tilta.com\/es\/shop\/manfrotto-quick-release-plate-for-sony-a7s-iii\/","title":{"rendered":"Placa de liberaci\u00f3n r\u00e1pida Manfrotto para Sony a7S III"},"content":{"rendered":"<p>Esta placa de liberaci\u00f3n r\u00e1pida compatible con Manfrotto se acopla directamente a la parte inferior de las jaulas de c\u00e1mara completa y media Tiltaing para Sony a7S III, para que puedas acoplarla y desacoplarla r\u00e1pida y f\u00e1cilmente de los sistemas de soporte Manfrotto 577, 500 y 701.<\/p>\n","protected":false},"excerpt":{"rendered":"<p>Esta placa de liberaci\u00f3n r\u00e1pida compatible con Manfrotto se acopla directamente a la parte inferior de las jaulas de c\u00e1mara completa y media Tiltaing para Sony a7S III, para que puedas acoplarla y desacoplarla r\u00e1pida y f\u00e1cilmente de los sistemas [&hellip;]<\/p>\n","protected":false},"featured_media":0,"comment_status":"closed","ping_status":"closed","template":"","meta":[],"product_cat":[2725,2936],"product_tag":[],"acf":[],"gallery_images":[885360],"_links":{"self":[{"href":"https:\/\/eu.tilta.com\/es\/wp-json\/wp\/v2\/product\/2007352"}],"collection":[{"href":"https:\/\/eu.tilta.com\/es\/wp-json\/wp\/v2\/product"}],"about":[{"href":"https:\/\/eu.tilta.com\/es\/wp-json\/wp\/v2\/types\/product"}],"replies":[{"embeddable":true,"href":"https:\/\/eu.tilta.com\/es\/wp-json\/wp\/v2\/comments?post=2007352"}],"wp:attachment":[{"href":"https:\/\/eu.tilta.com\/es\/wp-json\/wp\/v2\/media?parent=2007352"}],"wp:term":[{"taxonomy":"product_cat","embeddable":true,"href":"https:\/\/eu.tilta.com\/es\/wp-json\/wp\/v2\/product_cat?post=2007352"},{"taxonomy":"product_tag","embeddable":true,"href":"https:\/\/eu.tilta.com\/es\/wp-json\/wp\/v2\/product_tag?post=2007352"}],"curies":[{"name":"wp","href":"https:\/\/api.w.org\/{rel}","templated":true}]}}