{"id":2007372,"date":"2020-10-24T23:32:33","date_gmt":"2020-10-24T21:32:33","guid":{"rendered":"https:\/\/de.tilta.com\/shop\/tilta-asa-de-madera-lateral-izquierda\/"},"modified":"2026-04-30T10:01:17","modified_gmt":"2026-04-30T08:01:17","slug":"tiltaing-left-side-wooden-handle","status":"publish","type":"product","link":"https:\/\/eu.tilta.com\/es\/shop\/tiltaing-left-side-wooden-handle\/","title":{"rendered":"Tilta Asa de Madera Lateral Izquierda"},"content":{"rendered":"<p>Esta empu\u00f1adura se fija al lado izquierdo de las jaulas para c\u00e1maras Tiltaing. Su dise\u00f1o ergon\u00f3mico proporciona la m\u00e1xima comodidad mientras manejas la c\u00e1mara.<\/p>\n<p>Est\u00e1 tallada a mano en madera maciza y ensamblada con aleaci\u00f3n de aluminio de alta calidad fresada con CNC.<\/p>\n","protected":false},"excerpt":{"rendered":"<p>Esta empu\u00f1adura se fija al lado izquierdo de las jaulas para c\u00e1maras Tiltaing. Su dise\u00f1o ergon\u00f3mico proporciona la m\u00e1xima comodidad mientras manejas la c\u00e1mara. Est\u00e1 tallada a mano en madera maciza y ensamblada con aleaci\u00f3n de aluminio de alta calidad [&hellip;]<\/p>\n","protected":false},"featured_media":2007373,"comment_status":"closed","ping_status":"closed","template":"","meta":[],"product_cat":[2974,2737,2833,2831,2740,2735,2837,2739,2819,2820,2746,2723,2836,2786,2736,2828,2734,2725,2886,2962],"product_tag":[],"acf":[],"gallery_images":[2007374],"_links":{"self":[{"href":"https:\/\/eu.tilta.com\/es\/wp-json\/wp\/v2\/product\/2007372"}],"collection":[{"href":"https:\/\/eu.tilta.com\/es\/wp-json\/wp\/v2\/product"}],"about":[{"href":"https:\/\/eu.tilta.com\/es\/wp-json\/wp\/v2\/types\/product"}],"replies":[{"embeddable":true,"href":"https:\/\/eu.tilta.com\/es\/wp-json\/wp\/v2\/comments?post=2007372"}],"wp:featuredmedia":[{"embeddable":true,"href":"https:\/\/eu.tilta.com\/es\/wp-json\/wp\/v2\/media\/2007373"}],"wp:attachment":[{"href":"https:\/\/eu.tilta.com\/es\/wp-json\/wp\/v2\/media?parent=2007372"}],"wp:term":[{"taxonomy":"product_cat","embeddable":true,"href":"https:\/\/eu.tilta.com\/es\/wp-json\/wp\/v2\/product_cat?post=2007372"},{"taxonomy":"product_tag","embeddable":true,"href":"https:\/\/eu.tilta.com\/es\/wp-json\/wp\/v2\/product_tag?post=2007372"}],"curies":[{"name":"wp","href":"https:\/\/api.w.org\/{rel}","templated":true}]}}