{"id":2007435,"date":"2020-10-24T14:27:12","date_gmt":"2020-10-24T12:27:12","guid":{"rendered":"https:\/\/de.tilta.com\/shop\/tilta-asa-de-madera-lateral-derecha\/"},"modified":"2026-04-30T10:01:17","modified_gmt":"2026-04-30T08:01:17","slug":"tiltaing-right-side-wooden-handle","status":"publish","type":"product","link":"https:\/\/eu.tilta.com\/es\/shop\/tiltaing-right-side-wooden-handle\/","title":{"rendered":"Tilta Asa de Madera Lateral Derecha"},"content":{"rendered":"<p>Esta empu\u00f1adura se fija al lado derecho de las jaulas de las c\u00e1maras Tiltaing. Su dise\u00f1o ergon\u00f3mico proporciona la m\u00e1xima comodidad mientras manejas la c\u00e1mara.<\/p>\n<p>Est\u00e1 tallada a mano en madera maciza y ensamblada con aleaci\u00f3n de aluminio de alta calidad fresada con CNC.<\/p>\n","protected":false},"excerpt":{"rendered":"<p>Esta empu\u00f1adura se fija al lado derecho de las jaulas de las c\u00e1maras Tiltaing. Su dise\u00f1o ergon\u00f3mico proporciona la m\u00e1xima comodidad mientras manejas la c\u00e1mara. Est\u00e1 tallada a mano en madera maciza y ensamblada con aleaci\u00f3n de aluminio de alta [&hellip;]<\/p>\n","protected":false},"featured_media":2007437,"comment_status":"closed","ping_status":"closed","template":"","meta":[],"product_cat":[2974,2819,2746,2723,2886],"product_tag":[],"acf":[],"gallery_images":[2007438],"_links":{"self":[{"href":"https:\/\/eu.tilta.com\/es\/wp-json\/wp\/v2\/product\/2007435"}],"collection":[{"href":"https:\/\/eu.tilta.com\/es\/wp-json\/wp\/v2\/product"}],"about":[{"href":"https:\/\/eu.tilta.com\/es\/wp-json\/wp\/v2\/types\/product"}],"replies":[{"embeddable":true,"href":"https:\/\/eu.tilta.com\/es\/wp-json\/wp\/v2\/comments?post=2007435"}],"wp:featuredmedia":[{"embeddable":true,"href":"https:\/\/eu.tilta.com\/es\/wp-json\/wp\/v2\/media\/2007437"}],"wp:attachment":[{"href":"https:\/\/eu.tilta.com\/es\/wp-json\/wp\/v2\/media?parent=2007435"}],"wp:term":[{"taxonomy":"product_cat","embeddable":true,"href":"https:\/\/eu.tilta.com\/es\/wp-json\/wp\/v2\/product_cat?post=2007435"},{"taxonomy":"product_tag","embeddable":true,"href":"https:\/\/eu.tilta.com\/es\/wp-json\/wp\/v2\/product_tag?post=2007435"}],"curies":[{"name":"wp","href":"https:\/\/api.w.org\/{rel}","templated":true}]}}