{"id":2007556,"date":"2020-10-15T01:02:32","date_gmt":"2020-10-14T23:02:32","guid":{"rendered":"https:\/\/de.tilta.com\/shop\/asa-de-enfoque-avanzada-tilta-derecha-bateria-f570\/"},"modified":"2026-05-01T10:00:14","modified_gmt":"2026-05-01T08:00:14","slug":"tiltaing-right-side-advanced-focus-handle-f570-battery","status":"publish","type":"product","link":"https:\/\/eu.tilta.com\/es\/shop\/tiltaing-right-side-advanced-focus-handle-f570-battery\/","title":{"rendered":"Asa de enfoque avanzada Tilta derecha (Bater\u00eda F570)"},"content":{"rendered":"<p>Esta avanzada empu\u00f1adura se acopla al lado derecho de las jaulas para c\u00e1maras Tiltaing.<\/p>\n<p>Un puerto de bater\u00eda en la parte inferior del mango te permite utilizar una bater\u00eda Sony F570 para alimentar el motor Nucleus Nano a trav\u00e9s de la salida de alimentaci\u00f3n USB-C de 8 V. Tambi\u00e9n hay integrada en la empu\u00f1adura una salida de 12 V CC.<\/p>\n<p>Una rueda de dedos incorporada te permite controlar el motor del Nucleus Nano y un bot\u00f3n de marcha\/parada te permite controlar la funci\u00f3n de inicio\/parada de grabaci\u00f3n de tu c\u00e1mara a trav\u00e9s de un <a href=\"https:\/\/de.tilta.com\/shop\/nucleus-nano-run-stop-cables\/\">cable R\/S Nucleus-Nano<\/a> opcional (para c\u00e1maras que admitan esta funci\u00f3n).<\/p>\n<p class=\"p1\"><b>NOTA: El adaptador de tipo V incorpora una roseta est\u00e1ndar Tilta que es compatible con algunas rosetas ARRI, pero no con todas.<\/b><\/p>\n<p>&nbsp;<\/p>\n","protected":false},"excerpt":{"rendered":"<p>Esta avanzada empu\u00f1adura se acopla al lado derecho de las jaulas para c\u00e1maras Tiltaing. Un puerto de bater\u00eda en la parte inferior del mango te permite utilizar una bater\u00eda Sony F570 para alimentar el motor Nucleus Nano a trav\u00e9s de [&hellip;]<\/p>\n","protected":false},"featured_media":2007557,"comment_status":"closed","ping_status":"closed","template":"","meta":[],"product_cat":[2839,2742,2819,2746,2723,2886],"product_tag":[],"acf":[],"gallery_images":[2007558,2007559],"_links":{"self":[{"href":"https:\/\/eu.tilta.com\/es\/wp-json\/wp\/v2\/product\/2007556"}],"collection":[{"href":"https:\/\/eu.tilta.com\/es\/wp-json\/wp\/v2\/product"}],"about":[{"href":"https:\/\/eu.tilta.com\/es\/wp-json\/wp\/v2\/types\/product"}],"replies":[{"embeddable":true,"href":"https:\/\/eu.tilta.com\/es\/wp-json\/wp\/v2\/comments?post=2007556"}],"wp:featuredmedia":[{"embeddable":true,"href":"https:\/\/eu.tilta.com\/es\/wp-json\/wp\/v2\/media\/2007557"}],"wp:attachment":[{"href":"https:\/\/eu.tilta.com\/es\/wp-json\/wp\/v2\/media?parent=2007556"}],"wp:term":[{"taxonomy":"product_cat","embeddable":true,"href":"https:\/\/eu.tilta.com\/es\/wp-json\/wp\/v2\/product_cat?post=2007556"},{"taxonomy":"product_tag","embeddable":true,"href":"https:\/\/eu.tilta.com\/es\/wp-json\/wp\/v2\/product_tag?post=2007556"}],"curies":[{"name":"wp","href":"https:\/\/api.w.org\/{rel}","templated":true}]}}