{"id":2007664,"date":"2020-09-09T09:18:07","date_gmt":"2020-09-09T07:18:07","guid":{"rendered":"https:\/\/de.tilta.com\/shop\/tilta-red-komodo-kit-a\/"},"modified":"2025-12-05T13:44:24","modified_gmt":"2025-12-05T12:44:24","slug":"tiltaing-red-komodo-kit-a","status":"publish","type":"product","link":"https:\/\/eu.tilta.com\/es\/shop\/tiltaing-red-komodo-kit-a\/","title":{"rendered":"Tilta RED Komodo Kit A"},"content":{"rendered":"<p>Esta jaula para c\u00e1mara proporciona un blindaje protector para la c\u00e1mara RED Komodo. Dispone de varios puntos de montaje de 1\/4&#8243;-20 y 3\/8&#8243;-16 para montar accesorios.<\/p>\n<p>Tambi\u00e9n incluye dos rosetas a cada lado, as\u00ed como una montura de zapata fr\u00eda en la parte superior. La base de la jaula tambi\u00e9n dispone de varios orificios de montaje para acoplar la c\u00e1mara a cardanes y ajustar m\u00e1s f\u00e1cilmente el equilibrio de la configuraci\u00f3n.<\/p>\n<p>En la parte inferior de la jaula se pueden fijar distintas placas base, lo que permite diversas configuraciones de montaje de barras y fuentes de alimentaci\u00f3n opcionales.<\/p>\n<p>La empu\u00f1adura superior de liberaci\u00f3n r\u00e1pida, la empu\u00f1adura superior ajustable de liberaci\u00f3n r\u00e1pida y varias empu\u00f1aduras laterales opcionales se pueden acoplar a la jaula para proporcionar diferentes formas de manejar c\u00f3modamente la configuraci\u00f3n de tu c\u00e1mara.<\/p>\n<p>Este kit de la jaula para c\u00e1mara RED Komodo incluye: la base de la jaula RED Komodo, el asa de madera del lado derecho, las placas base de liberaci\u00f3n r\u00e1pida Arca y Manfrotto, y un soporte ajustable para accesorios de zapata fr\u00eda.<\/p>\n","protected":false},"excerpt":{"rendered":"<p>Esta jaula para c\u00e1mara proporciona un blindaje protector para la c\u00e1mara RED Komodo. Dispone de varios puntos de montaje de 1\/4&#8243;-20 y 3\/8&#8243;-16 para montar accesorios. Tambi\u00e9n incluye dos rosetas a cada lado, as\u00ed como una montura de zapata fr\u00eda [&hellip;]<\/p>\n","protected":false},"featured_media":0,"comment_status":"closed","ping_status":"closed","template":"","meta":[],"product_cat":[2723],"product_tag":[],"acf":[],"gallery_images":[1915931,1915932,1915933],"_links":{"self":[{"href":"https:\/\/eu.tilta.com\/es\/wp-json\/wp\/v2\/product\/2007664"}],"collection":[{"href":"https:\/\/eu.tilta.com\/es\/wp-json\/wp\/v2\/product"}],"about":[{"href":"https:\/\/eu.tilta.com\/es\/wp-json\/wp\/v2\/types\/product"}],"replies":[{"embeddable":true,"href":"https:\/\/eu.tilta.com\/es\/wp-json\/wp\/v2\/comments?post=2007664"}],"wp:attachment":[{"href":"https:\/\/eu.tilta.com\/es\/wp-json\/wp\/v2\/media?parent=2007664"}],"wp:term":[{"taxonomy":"product_cat","embeddable":true,"href":"https:\/\/eu.tilta.com\/es\/wp-json\/wp\/v2\/product_cat?post=2007664"},{"taxonomy":"product_tag","embeddable":true,"href":"https:\/\/eu.tilta.com\/es\/wp-json\/wp\/v2\/product_tag?post=2007664"}],"curies":[{"name":"wp","href":"https:\/\/api.w.org\/{rel}","templated":true}]}}