{"id":2007667,"date":"2020-09-04T22:20:51","date_gmt":"2020-09-04T20:20:51","guid":{"rendered":"https:\/\/de.tilta.com\/shop\/soporte-ajustable-para-zapata-fria-de-telefono-tilta\/"},"modified":"2026-02-16T09:03:18","modified_gmt":"2026-02-16T08:03:18","slug":"tiltaing-adjustable-cold-shoe-phone-mounting-bracket","status":"publish","type":"product","link":"https:\/\/eu.tilta.com\/es\/shop\/tiltaing-adjustable-cold-shoe-phone-mounting-bracket\/","title":{"rendered":"Soporte ajustable para zapata fr\u00eda de tel\u00e9fono Tilta"},"content":{"rendered":"<p>Este soporte se acopla a la configuraci\u00f3n de tu c\u00e1mara mediante una montura de zapata fr\u00eda y proporciona una abrazadera ajustable que te permite acoplar el tel\u00e9fono a tu configuraci\u00f3n para acceder a \u00e9l r\u00e1pidamente cuando lo necesites.<\/p>\n<p>Es la soluci\u00f3n perfecta para supervisar y controlar tu RED Komodo cuando utilizas la App RED Control.<\/p>\n<p>Tambi\u00e9n se puede utilizar para montar otros accesorios, como monitores externos.<\/p>\n<p>Admite dispositivos con una altura m\u00e1xima de 92 mm.<\/p>\n<p>&nbsp;<\/p>\n","protected":false},"excerpt":{"rendered":"<p>Este soporte se acopla a la configuraci\u00f3n de tu c\u00e1mara mediante una montura de zapata fr\u00eda y proporciona una abrazadera ajustable que te permite acoplar el tel\u00e9fono a tu configuraci\u00f3n para acceder a \u00e9l r\u00e1pidamente cuando lo necesites. Es la [&hellip;]<\/p>\n","protected":false},"featured_media":0,"comment_status":"closed","ping_status":"closed","template":"","meta":[],"product_cat":[4448,2737,2719,2843,2844,2834,2842,2833,2831,2740,2735,2813,2814,2747,2742,2817,2789,2829,2739,2818,2790,2744,2830,2819,2820,2821,2822,2746,2723,2824,2786,2736,2828,2734,2725,2775,2825,2731,2729,2730,2973,2959],"product_tag":[],"acf":[],"gallery_images":[882289,882291,882293,882295],"_links":{"self":[{"href":"https:\/\/eu.tilta.com\/es\/wp-json\/wp\/v2\/product\/2007667"}],"collection":[{"href":"https:\/\/eu.tilta.com\/es\/wp-json\/wp\/v2\/product"}],"about":[{"href":"https:\/\/eu.tilta.com\/es\/wp-json\/wp\/v2\/types\/product"}],"replies":[{"embeddable":true,"href":"https:\/\/eu.tilta.com\/es\/wp-json\/wp\/v2\/comments?post=2007667"}],"wp:attachment":[{"href":"https:\/\/eu.tilta.com\/es\/wp-json\/wp\/v2\/media?parent=2007667"}],"wp:term":[{"taxonomy":"product_cat","embeddable":true,"href":"https:\/\/eu.tilta.com\/es\/wp-json\/wp\/v2\/product_cat?post=2007667"},{"taxonomy":"product_tag","embeddable":true,"href":"https:\/\/eu.tilta.com\/es\/wp-json\/wp\/v2\/product_tag?post=2007667"}],"curies":[{"name":"wp","href":"https:\/\/api.w.org\/{rel}","templated":true}]}}