{"id":2007672,"date":"2020-09-04T10:52:47","date_gmt":"2020-09-04T08:52:47","guid":{"rendered":"https:\/\/de.tilta.com\/shop\/soporte-ajustable-para-accesorios-de-zapata-fria-tilta\/"},"modified":"2026-04-30T10:01:18","modified_gmt":"2026-04-30T08:01:18","slug":"tiltaing-adjustable-cold-shoe-accessory-mounting-bracket","status":"publish","type":"product","link":"https:\/\/eu.tilta.com\/es\/shop\/tiltaing-adjustable-cold-shoe-accessory-mounting-bracket\/","title":{"rendered":"Soporte ajustable para accesorios de zapata fr\u00eda Tilta"},"content":{"rendered":"<p>Este soporte se acopla a la configuraci\u00f3n de tu c\u00e1mara mediante una montura de zapata fr\u00eda y proporciona un punto de montaje ajustable de 1\/4&#8243;-20 para que puedas acoplar diversos accesorios, como un monitor o un transmisor de v\u00eddeo inal\u00e1mbrico.<\/p>\n","protected":false},"excerpt":{"rendered":"<p>Este soporte se acopla a la configuraci\u00f3n de tu c\u00e1mara mediante una montura de zapata fr\u00eda y proporciona un punto de montaje ajustable de 1\/4&#8243;-20 para que puedas acoplar diversos accesorios, como un monitor o un transmisor de v\u00eddeo inal\u00e1mbrico.<\/p>\n","protected":false},"featured_media":0,"comment_status":"closed","ping_status":"closed","template":"","meta":[],"product_cat":[2737,2719,2843,2844,2834,2842,2833,2831,2740,2735,2813,2814,2747,2742,2817,2789,2829,2739,2818,2790,2744,2830,2819,2820,2821,2822,2746,2723,2824,2786,2736,2828,2734,2725,2775,2825,2731,2729,2730,2973,2904],"product_tag":[],"acf":[],"gallery_images":[882282,882284],"_links":{"self":[{"href":"https:\/\/eu.tilta.com\/es\/wp-json\/wp\/v2\/product\/2007672"}],"collection":[{"href":"https:\/\/eu.tilta.com\/es\/wp-json\/wp\/v2\/product"}],"about":[{"href":"https:\/\/eu.tilta.com\/es\/wp-json\/wp\/v2\/types\/product"}],"replies":[{"embeddable":true,"href":"https:\/\/eu.tilta.com\/es\/wp-json\/wp\/v2\/comments?post=2007672"}],"wp:attachment":[{"href":"https:\/\/eu.tilta.com\/es\/wp-json\/wp\/v2\/media?parent=2007672"}],"wp:term":[{"taxonomy":"product_cat","embeddable":true,"href":"https:\/\/eu.tilta.com\/es\/wp-json\/wp\/v2\/product_cat?post=2007672"},{"taxonomy":"product_tag","embeddable":true,"href":"https:\/\/eu.tilta.com\/es\/wp-json\/wp\/v2\/product_tag?post=2007672"}],"curies":[{"name":"wp","href":"https:\/\/api.w.org\/{rel}","templated":true}]}}