{"id":2007675,"date":"2020-09-04T19:04:04","date_gmt":"2020-09-04T17:04:04","guid":{"rendered":"https:\/\/de.tilta.com\/shop\/asa-superior-ajustable-tilta\/"},"modified":"2026-02-19T12:42:24","modified_gmt":"2026-02-19T11:42:24","slug":"tiltaing-adjustable-top-handle","status":"publish","type":"product","link":"https:\/\/eu.tilta.com\/es\/shop\/tiltaing-adjustable-top-handle\/","title":{"rendered":"Asa superior ajustable Tilta"},"content":{"rendered":"<p>Esta empu\u00f1adura ajustable puede fijarse a uno de los puntos de montaje de la roseta de la jaula de la c\u00e1mara para la RED Komodo.<\/p>\n<p>La empu\u00f1adura puede ajustarse no s\u00f3lo desde la conexi\u00f3n de la roseta, sino tambi\u00e9n mediante el ajuste central articulado que utiliza una configuraci\u00f3n de bot\u00f3n: basta con pulsar el bot\u00f3n y girar la empu\u00f1adura hasta la posici\u00f3n que desees.<\/p>\n<p>La empu\u00f1adura tambi\u00e9n cuenta con un punto de montaje de zapata fr\u00eda y una \u00fanica montura de varilla de 15 mm para fijar accesorios adicionales.<\/p>\n","protected":false},"excerpt":{"rendered":"<p>Esta empu\u00f1adura ajustable puede fijarse a uno de los puntos de montaje de la roseta de la jaula de la c\u00e1mara para la RED Komodo. La empu\u00f1adura puede ajustarse no s\u00f3lo desde la conexi\u00f3n de la roseta, sino tambi\u00e9n mediante [&hellip;]<\/p>\n","protected":false},"featured_media":0,"comment_status":"closed","ping_status":"closed","template":"","meta":[],"product_cat":[2831,2740,2735,2819,2820,2723,2736,2725,2762,2787],"product_tag":[],"acf":[],"gallery_images":[882198,882200],"_links":{"self":[{"href":"https:\/\/eu.tilta.com\/es\/wp-json\/wp\/v2\/product\/2007675"}],"collection":[{"href":"https:\/\/eu.tilta.com\/es\/wp-json\/wp\/v2\/product"}],"about":[{"href":"https:\/\/eu.tilta.com\/es\/wp-json\/wp\/v2\/types\/product"}],"replies":[{"embeddable":true,"href":"https:\/\/eu.tilta.com\/es\/wp-json\/wp\/v2\/comments?post=2007675"}],"wp:attachment":[{"href":"https:\/\/eu.tilta.com\/es\/wp-json\/wp\/v2\/media?parent=2007675"}],"wp:term":[{"taxonomy":"product_cat","embeddable":true,"href":"https:\/\/eu.tilta.com\/es\/wp-json\/wp\/v2\/product_cat?post=2007675"},{"taxonomy":"product_tag","embeddable":true,"href":"https:\/\/eu.tilta.com\/es\/wp-json\/wp\/v2\/product_tag?post=2007675"}],"curies":[{"name":"wp","href":"https:\/\/api.w.org\/{rel}","templated":true}]}}