{"id":2007680,"date":"2020-06-17T12:31:41","date_gmt":"2020-06-17T10:31:41","guid":{"rendered":"https:\/\/de.tilta.com\/shop\/cable-de-bateria-ficticia-canon-lp-e6-a-55-21-mm-cc-hembra\/"},"modified":"2026-02-16T09:00:59","modified_gmt":"2026-02-16T08:00:59","slug":"canon-lp-e6-dummy-battery-to-5-5-2-1mm-dc-female-cable","status":"publish","type":"product","link":"https:\/\/eu.tilta.com\/es\/shop\/canon-lp-e6-dummy-battery-to-5-5-2-1mm-dc-female-cable\/","title":{"rendered":"Cable de bater\u00eda ficticia Canon LP-E6 a 5,5\/2,1 mm CC hembra"},"content":{"rendered":"<p>Este cable de bater\u00eda ficticia Canon LP-E6 a CC hembra de 5,5\/2,1 mm te permite alimentar c\u00e1maras que utilicen bater\u00edas Canon LP-E6, as\u00ed como accesorios basados en alimentaci\u00f3n Canon LP-E6, a trav\u00e9s de un cable de CC macho de 5,5\/2,1 mm.<\/p>\n","protected":false},"excerpt":{"rendered":"<p>Este cable de bater\u00eda ficticia Canon LP-E6 a CC hembra de 5,5\/2,1 mm te permite alimentar c\u00e1maras que utilicen bater\u00edas Canon LP-E6, as\u00ed como accesorios basados en alimentaci\u00f3n Canon LP-E6, a trav\u00e9s de un cable de CC macho de 5,5\/2,1 [&hellip;]<\/p>\n","protected":false},"featured_media":2007682,"comment_status":"closed","ping_status":"closed","template":"","meta":[],"product_cat":[4448,2892],"product_tag":[],"acf":[],"gallery_images":[],"_links":{"self":[{"href":"https:\/\/eu.tilta.com\/es\/wp-json\/wp\/v2\/product\/2007680"}],"collection":[{"href":"https:\/\/eu.tilta.com\/es\/wp-json\/wp\/v2\/product"}],"about":[{"href":"https:\/\/eu.tilta.com\/es\/wp-json\/wp\/v2\/types\/product"}],"replies":[{"embeddable":true,"href":"https:\/\/eu.tilta.com\/es\/wp-json\/wp\/v2\/comments?post=2007680"}],"wp:featuredmedia":[{"embeddable":true,"href":"https:\/\/eu.tilta.com\/es\/wp-json\/wp\/v2\/media\/2007682"}],"wp:attachment":[{"href":"https:\/\/eu.tilta.com\/es\/wp-json\/wp\/v2\/media?parent=2007680"}],"wp:term":[{"taxonomy":"product_cat","embeddable":true,"href":"https:\/\/eu.tilta.com\/es\/wp-json\/wp\/v2\/product_cat?post=2007680"},{"taxonomy":"product_tag","embeddable":true,"href":"https:\/\/eu.tilta.com\/es\/wp-json\/wp\/v2\/product_tag?post=2007680"}],"curies":[{"name":"wp","href":"https:\/\/api.w.org\/{rel}","templated":true}]}}