{"id":2007685,"date":"2020-06-08T16:21:49","date_gmt":"2020-06-08T14:21:49","guid":{"rendered":"https:\/\/de.tilta.com\/shop\/adaptador-de-la-serie-l-de-sony-a-la-placa-de-la-bateria-de-montaje-en-v-tipo-ii\/"},"modified":"2025-12-05T13:45:02","modified_gmt":"2025-12-05T12:45:02","slug":"sony-l-series-to-v-mount-adapter-battery-plate-type-ii","status":"publish","type":"product","link":"https:\/\/eu.tilta.com\/es\/shop\/sony-l-series-to-v-mount-adapter-battery-plate-type-ii\/","title":{"rendered":"Adaptador de la serie L de Sony a la placa de la bater\u00eda de montaje en V Tipo II"},"content":{"rendered":"<p>Este adaptador te permite adaptar una placa de bater\u00eda de la serie L de Sony (como la que incorporan las distintas c\u00e1maras Z CAM) a una placa de bater\u00eda con montura en V.<\/p>\n<p>Esto te permite utilizar la bater\u00eda de mayor duraci\u00f3n de una bater\u00eda con montura en V para alimentar la configuraci\u00f3n de tu c\u00e1mara, reduciendo al m\u00ednimo los cambios de bater\u00eda.<\/p>\n<p>Tambi\u00e9n es la soluci\u00f3n perfecta para alimentar accesorios m\u00e1s peque\u00f1os que tradicionalmente utilizan bater\u00edas de la Serie L de menor capacidad, como los paneles de luz LED m\u00e1s peque\u00f1os o los monitores externos para estaciones de enfoque.<\/p>\n<p>La versi\u00f3n de Tipo II est\u00e1 dise\u00f1ada para ser m\u00e1s compacta y ejercer menos presi\u00f3n sobre las clavijas de contacto de la Serie L de Sony, pero puede interferir con algunos de los puertos de los cuerpos de las c\u00e1maras Z CAM.<\/p>\n<p>Recomendamos las placas de tipo I para los usuarios que prevean que esto puede ser un problema.<\/p>\n<p>&nbsp;<\/p>\n","protected":false},"excerpt":{"rendered":"<p>Este adaptador te permite adaptar una placa de bater\u00eda de la serie L de Sony (como la que incorporan las distintas c\u00e1maras Z CAM) a una placa de bater\u00eda con montura en V. Esto te permite utilizar la bater\u00eda de [&hellip;]<\/p>\n","protected":false},"featured_media":0,"comment_status":"closed","ping_status":"closed","template":"","meta":[],"product_cat":[2731,2729,2730,2868],"product_tag":[],"acf":[],"gallery_images":[793126,793127,793128],"_links":{"self":[{"href":"https:\/\/eu.tilta.com\/es\/wp-json\/wp\/v2\/product\/2007685"}],"collection":[{"href":"https:\/\/eu.tilta.com\/es\/wp-json\/wp\/v2\/product"}],"about":[{"href":"https:\/\/eu.tilta.com\/es\/wp-json\/wp\/v2\/types\/product"}],"replies":[{"embeddable":true,"href":"https:\/\/eu.tilta.com\/es\/wp-json\/wp\/v2\/comments?post=2007685"}],"wp:attachment":[{"href":"https:\/\/eu.tilta.com\/es\/wp-json\/wp\/v2\/media?parent=2007685"}],"wp:term":[{"taxonomy":"product_cat","embeddable":true,"href":"https:\/\/eu.tilta.com\/es\/wp-json\/wp\/v2\/product_cat?post=2007685"},{"taxonomy":"product_tag","embeddable":true,"href":"https:\/\/eu.tilta.com\/es\/wp-json\/wp\/v2\/product_tag?post=2007685"}],"curies":[{"name":"wp","href":"https:\/\/api.w.org\/{rel}","templated":true}]}}