{"id":2007694,"date":"2020-06-23T09:19:42","date_gmt":"2020-06-23T07:19:42","guid":{"rendered":"https:\/\/de.tilta.com\/shop\/asa-superior-ligera-de-liberacion-rapida-tilta-con-pasadores-de-localizacion-arri\/"},"modified":"2026-02-11T06:59:00","modified_gmt":"2026-02-11T05:59:00","slug":"tiltaing-lightweight-quick-release-top-handle-black","status":"publish","type":"product","link":"https:\/\/eu.tilta.com\/es\/shop\/tiltaing-lightweight-quick-release-top-handle-black\/","title":{"rendered":"Asa superior ligera de liberaci\u00f3n r\u00e1pida Tilta con pasadores de localizaci\u00f3n Arri"},"content":{"rendered":"<p>Este asa superior de liberaci\u00f3n r\u00e1pida se acopla de forma f\u00e1cil y segura a la parte superior de las distintas jaulas para c\u00e1maras Tiltaing.<\/p>\n<p>Esta variante ligera proporciona la misma seguridad que el asa superior de liberaci\u00f3n r\u00e1pida est\u00e1ndar, pero es de menor tama\u00f1o, lo que la convierte en la soluci\u00f3n perfecta para las c\u00e1maras de menor tama\u00f1o.<\/p>\n<p>Dispone de varios puntos de montaje de 1\/4&#8243;-20 y 3\/8&#8243;-16, as\u00ed como de un punto de montaje de zapata fr\u00eda en la parte delantera del mango.<\/p>\n<p>La empu\u00f1adura incorpora una montura de varilla horizontal de 15 mm que permite diversas posibilidades de rigging, como montar un EVF o un monitor externo mediante una varilla de 15 mm.<\/p>\n<p>S\u00f3lo para Sigma FP y Sony a7sIII Media Jaula.<\/p>\n","protected":false},"excerpt":{"rendered":"<p>Este asa superior de liberaci\u00f3n r\u00e1pida se acopla de forma f\u00e1cil y segura a la parte superior de las distintas jaulas para c\u00e1maras Tiltaing. Esta variante ligera proporciona la misma seguridad que el asa superior de liberaci\u00f3n r\u00e1pida est\u00e1ndar, pero [&hellip;]<\/p>\n","protected":false},"featured_media":0,"comment_status":"closed","ping_status":"closed","template":"","meta":[],"product_cat":[2824,2736,2725,2762,2787],"product_tag":[],"acf":[],"gallery_images":[1062560],"_links":{"self":[{"href":"https:\/\/eu.tilta.com\/es\/wp-json\/wp\/v2\/product\/2007694"}],"collection":[{"href":"https:\/\/eu.tilta.com\/es\/wp-json\/wp\/v2\/product"}],"about":[{"href":"https:\/\/eu.tilta.com\/es\/wp-json\/wp\/v2\/types\/product"}],"replies":[{"embeddable":true,"href":"https:\/\/eu.tilta.com\/es\/wp-json\/wp\/v2\/comments?post=2007694"}],"wp:attachment":[{"href":"https:\/\/eu.tilta.com\/es\/wp-json\/wp\/v2\/media?parent=2007694"}],"wp:term":[{"taxonomy":"product_cat","embeddable":true,"href":"https:\/\/eu.tilta.com\/es\/wp-json\/wp\/v2\/product_cat?post=2007694"},{"taxonomy":"product_tag","embeddable":true,"href":"https:\/\/eu.tilta.com\/es\/wp-json\/wp\/v2\/product_tag?post=2007694"}],"curies":[{"name":"wp","href":"https:\/\/api.w.org\/{rel}","templated":true}]}}