{"id":2007698,"date":"2020-06-17T12:43:17","date_gmt":"2020-06-17T10:43:17","guid":{"rendered":"https:\/\/de.tilta.com\/shop\/cable-de-bateria-ficticia-a-cable-hembra-de-cc-de-55-21-mm-de-la-serie-a9-de-sony\/"},"modified":"2026-02-16T09:00:59","modified_gmt":"2026-02-16T08:00:59","slug":"sony-a9-series-dummy-battery-to-5-5-2-1mm-dc-female-cable","status":"publish","type":"product","link":"https:\/\/eu.tilta.com\/es\/shop\/sony-a9-series-dummy-battery-to-5-5-2-1mm-dc-female-cable\/","title":{"rendered":"Cable de bater\u00eda ficticia a cable hembra de CC de 5,5\/2,1 mm de la serie A9 de Sony"},"content":{"rendered":"<p>Este cable de bater\u00eda ficticia NP-FZ100 de Sony a CC hembra de 5,5\/2,1 mm te permite alimentar las c\u00e1maras Sony a9, a7 III y a7R III, as\u00ed como los accesorios basados en alimentaci\u00f3n NP-FZ100 de Sony a trav\u00e9s de un cable de CC macho de 5,5\/2,1 mm.<\/p>\n","protected":false},"excerpt":{"rendered":"<p>Este cable de bater\u00eda ficticia NP-FZ100 de Sony a CC hembra de 5,5\/2,1 mm te permite alimentar las c\u00e1maras Sony a9, a7 III y a7R III, as\u00ed como los accesorios basados en alimentaci\u00f3n NP-FZ100 de Sony a trav\u00e9s de un [&hellip;]<\/p>\n","protected":false},"featured_media":2007699,"comment_status":"closed","ping_status":"closed","template":"","meta":[],"product_cat":[4448,2892],"product_tag":[],"acf":[],"gallery_images":[],"_links":{"self":[{"href":"https:\/\/eu.tilta.com\/es\/wp-json\/wp\/v2\/product\/2007698"}],"collection":[{"href":"https:\/\/eu.tilta.com\/es\/wp-json\/wp\/v2\/product"}],"about":[{"href":"https:\/\/eu.tilta.com\/es\/wp-json\/wp\/v2\/types\/product"}],"replies":[{"embeddable":true,"href":"https:\/\/eu.tilta.com\/es\/wp-json\/wp\/v2\/comments?post=2007698"}],"wp:featuredmedia":[{"embeddable":true,"href":"https:\/\/eu.tilta.com\/es\/wp-json\/wp\/v2\/media\/2007699"}],"wp:attachment":[{"href":"https:\/\/eu.tilta.com\/es\/wp-json\/wp\/v2\/media?parent=2007698"}],"wp:term":[{"taxonomy":"product_cat","embeddable":true,"href":"https:\/\/eu.tilta.com\/es\/wp-json\/wp\/v2\/product_cat?post=2007698"},{"taxonomy":"product_tag","embeddable":true,"href":"https:\/\/eu.tilta.com\/es\/wp-json\/wp\/v2\/product_tag?post=2007698"}],"curies":[{"name":"wp","href":"https:\/\/api.w.org\/{rel}","templated":true}]}}