{"id":2007703,"date":"2020-04-09T09:18:03","date_gmt":"2020-04-09T07:18:03","guid":{"rendered":"https:\/\/de.tilta.com\/shop\/anillo-adaptador-de-cine-para-caja-de-mate-mini-clamp-on\/"},"modified":"2025-12-05T13:45:15","modified_gmt":"2025-12-05T12:45:15","slug":"80mm-cinema-adapter-ring-for-mini-clamp-on-matte-box","status":"publish","type":"product","link":"https:\/\/eu.tilta.com\/es\/shop\/80mm-cinema-adapter-ring-for-mini-clamp-on-matte-box\/","title":{"rendered":"Anillo adaptador de cine para caja de mate Mini Clamp-on"},"content":{"rendered":"<p>Estos anillos adaptadores para la Tiltaing <a href=\"https:\/\/de.tilta.com\/shop\/tiltaing-mini-matte-box\/\">Mini Matte Box<\/a> est\u00e1n dise\u00f1ados para objetivos de cine con varios di\u00e1metros frontales.<\/p>\n<p>Estos anillos adaptadores se sujetan directamente a un objetivo de cine y te permiten sujetar el <a href=\"https:\/\/de.tilta.com\/shop\/tiltaing-mini-matte-box\/\">Mini Matte Box<\/a> al adaptador.<\/p>\n<p>S\u00f3lo tienes que deslizar el anillo en la abertura de la caja mate y acoplarlo a tu objetivo.<\/p>\n","protected":false},"excerpt":{"rendered":"<p>Estos anillos adaptadores para la Tiltaing Mini Matte Box est\u00e1n dise\u00f1ados para objetivos de cine con varios di\u00e1metros frontales. Estos anillos adaptadores se sujetan directamente a un objetivo de cine y te permiten sujetar el Mini Matte Box al adaptador. [&hellip;]<\/p>\n","protected":false},"featured_media":2007704,"comment_status":"closed","ping_status":"closed","template":"","meta":[],"product_cat":[2990],"product_tag":[],"acf":[],"gallery_images":[2007705,2007706,2007707],"_links":{"self":[{"href":"https:\/\/eu.tilta.com\/es\/wp-json\/wp\/v2\/product\/2007703"}],"collection":[{"href":"https:\/\/eu.tilta.com\/es\/wp-json\/wp\/v2\/product"}],"about":[{"href":"https:\/\/eu.tilta.com\/es\/wp-json\/wp\/v2\/types\/product"}],"replies":[{"embeddable":true,"href":"https:\/\/eu.tilta.com\/es\/wp-json\/wp\/v2\/comments?post=2007703"}],"wp:featuredmedia":[{"embeddable":true,"href":"https:\/\/eu.tilta.com\/es\/wp-json\/wp\/v2\/media\/2007704"}],"wp:attachment":[{"href":"https:\/\/eu.tilta.com\/es\/wp-json\/wp\/v2\/media?parent=2007703"}],"wp:term":[{"taxonomy":"product_cat","embeddable":true,"href":"https:\/\/eu.tilta.com\/es\/wp-json\/wp\/v2\/product_cat?post=2007703"},{"taxonomy":"product_tag","embeddable":true,"href":"https:\/\/eu.tilta.com\/es\/wp-json\/wp\/v2\/product_tag?post=2007703"}],"curies":[{"name":"wp","href":"https:\/\/api.w.org\/{rel}","templated":true}]}}