{"id":2007725,"date":"2020-03-03T09:15:21","date_gmt":"2020-03-03T08:15:21","guid":{"rendered":"https:\/\/de.tilta.com\/shop\/adaptador-de-varilla-para-placa-de-bateria-de-montaje-en-v-mini-pocket\/"},"modified":"2025-12-05T13:45:35","modified_gmt":"2025-12-05T12:45:35","slug":"rod-adapter-for-mini-v-mount-battery-plate","status":"publish","type":"product","link":"https:\/\/eu.tilta.com\/es\/shop\/rod-adapter-for-mini-v-mount-battery-plate\/","title":{"rendered":"Adaptador de varilla para placa de bater\u00eda de montaje en V Mini\/Pocket"},"content":{"rendered":"<p>Este adaptador de varilla LWS de 15 mm te permite montar tu placa de bater\u00eda de montaje en V Mini y\/o Pocket en cualquier sistema de varilla LWS de 15 mm para que puedas acoplar c\u00f3modamente una bater\u00eda de montaje en V a tu montaje.<\/p>\n<p>El dise\u00f1o compacto de este adaptador y placa de bater\u00eda lo convierte en una soluci\u00f3n perfecta para montar una bater\u00eda de montura en V en un cuerpo de c\u00e1mara m\u00e1s peque\u00f1o sin a\u00f1adir el peso adicional que tradicionalmente se asocia a las placas de bater\u00eda m\u00e1s grandes.<\/p>\n<p>Este Adaptador para Varillas tambi\u00e9n te permite montar la Placa para Bater\u00eda Mini\/Pocket V-Mount, horizontal, vertical o plana contra las varillas.<\/p>\n","protected":false},"excerpt":{"rendered":"<p>Este adaptador de varilla LWS de 15 mm te permite montar tu placa de bater\u00eda de montaje en V Mini y\/o Pocket en cualquier sistema de varilla LWS de 15 mm para que puedas acoplar c\u00f3modamente una bater\u00eda de montaje [&hellip;]<\/p>\n","protected":false},"featured_media":0,"comment_status":"closed","ping_status":"closed","template":"","meta":[],"product_cat":[3248,2737,2719,2833,2831,2740,2735,2813,2814,2839,2742,2817,2789,2829,2837,2739,2818,2744,2830,2819,2820,2821,2822,2723,2824,2836,2840,2835,2745,2832,2786,2736,2828,2734,2725,2775,2825,2731,2729,2730,3031,3030],"product_tag":[],"acf":[],"gallery_images":[574865,574866,574868,574869,574870,574867],"_links":{"self":[{"href":"https:\/\/eu.tilta.com\/es\/wp-json\/wp\/v2\/product\/2007725"}],"collection":[{"href":"https:\/\/eu.tilta.com\/es\/wp-json\/wp\/v2\/product"}],"about":[{"href":"https:\/\/eu.tilta.com\/es\/wp-json\/wp\/v2\/types\/product"}],"replies":[{"embeddable":true,"href":"https:\/\/eu.tilta.com\/es\/wp-json\/wp\/v2\/comments?post=2007725"}],"wp:attachment":[{"href":"https:\/\/eu.tilta.com\/es\/wp-json\/wp\/v2\/media?parent=2007725"}],"wp:term":[{"taxonomy":"product_cat","embeddable":true,"href":"https:\/\/eu.tilta.com\/es\/wp-json\/wp\/v2\/product_cat?post=2007725"},{"taxonomy":"product_tag","embeddable":true,"href":"https:\/\/eu.tilta.com\/es\/wp-json\/wp\/v2\/product_tag?post=2007725"}],"curies":[{"name":"wp","href":"https:\/\/api.w.org\/{rel}","templated":true}]}}