{"id":2007731,"date":"2020-01-31T10:34:53","date_gmt":"2020-01-31T09:34:53","guid":{"rendered":"https:\/\/de.tilta.com\/shop\/copa-de-apoyo-armorman-3-0\/"},"modified":"2025-12-05T13:45:39","modified_gmt":"2025-12-05T12:45:39","slug":"armorman-3-0-support-cup","status":"publish","type":"product","link":"https:\/\/eu.tilta.com\/es\/shop\/armorman-3-0-support-cup\/","title":{"rendered":"Copa de apoyo Armorman 3.0"},"content":{"rendered":"<p>Si tienes un card\u00e1n basado en una barra superior, las copas de soporte del Armor Man 3.0 permiten una soluci\u00f3n f\u00e1cil para acoplar y desacoplar tu card\u00e1n a los brazos mec\u00e1nicos del Armor Man 3.0 mientras est\u00e1n en la posici\u00f3n inferior de funcionamiento. Cuando quieras acoplar el Armor Man al card\u00e1n, s\u00f3lo tienes que encajar los brazos laterales del card\u00e1n en las cazoletas de soporte y luego volver a agarrar los brazos como de costumbre para empezar a funcionar. Cuando quieras dejar de funcionar, s\u00f3lo tienes que acoplar el card\u00e1n, agarrarte a las copas de soporte y separarlas de las empu\u00f1aduras.<\/p>\n","protected":false},"excerpt":{"rendered":"<p>Si tienes un card\u00e1n basado en una barra superior, las copas de soporte del Armor Man 3.0 permiten una soluci\u00f3n f\u00e1cil para acoplar y desacoplar tu card\u00e1n a los brazos mec\u00e1nicos del Armor Man 3.0 mientras est\u00e1n en la posici\u00f3n [&hellip;]<\/p>\n","protected":false},"featured_media":2007733,"comment_status":"closed","ping_status":"closed","template":"","meta":[],"product_cat":[3027],"product_tag":[],"acf":[],"gallery_images":[2007734,2007735],"_links":{"self":[{"href":"https:\/\/eu.tilta.com\/es\/wp-json\/wp\/v2\/product\/2007731"}],"collection":[{"href":"https:\/\/eu.tilta.com\/es\/wp-json\/wp\/v2\/product"}],"about":[{"href":"https:\/\/eu.tilta.com\/es\/wp-json\/wp\/v2\/types\/product"}],"replies":[{"embeddable":true,"href":"https:\/\/eu.tilta.com\/es\/wp-json\/wp\/v2\/comments?post=2007731"}],"wp:featuredmedia":[{"embeddable":true,"href":"https:\/\/eu.tilta.com\/es\/wp-json\/wp\/v2\/media\/2007733"}],"wp:attachment":[{"href":"https:\/\/eu.tilta.com\/es\/wp-json\/wp\/v2\/media?parent=2007731"}],"wp:term":[{"taxonomy":"product_cat","embeddable":true,"href":"https:\/\/eu.tilta.com\/es\/wp-json\/wp\/v2\/product_cat?post=2007731"},{"taxonomy":"product_tag","embeddable":true,"href":"https:\/\/eu.tilta.com\/es\/wp-json\/wp\/v2\/product_tag?post=2007731"}],"curies":[{"name":"wp","href":"https:\/\/api.w.org\/{rel}","templated":true}]}}