{"id":2007732,"date":"2020-03-02T18:17:55","date_gmt":"2020-03-02T17:17:55","guid":{"rendered":"https:\/\/de.tilta.com\/shop\/adaptador-de-anillo-de-cardan-para-placa-de-bateria-de-montaje-en-v-mini-de-bolsillo\/"},"modified":"2025-12-23T13:28:09","modified_gmt":"2025-12-23T12:28:09","slug":"gimbal-ring-adapter-for-mini-v-mount-battery-plate","status":"publish","type":"product","link":"https:\/\/eu.tilta.com\/es\/shop\/gimbal-ring-adapter-for-mini-v-mount-battery-plate\/","title":{"rendered":"Adaptador de anillo de card\u00e1n para placa de bater\u00eda de montaje en V mini\/de bolsillo"},"content":{"rendered":"<p>Este adaptador de anillo para card\u00e1n te permite montar f\u00e1cilmente tu placa de bater\u00eda con montura en V Mini y\/o de bolsillo en la mayor\u00eda de cardanes con anillo.<\/p>\n<p>Es la soluci\u00f3n ligera perfecta para montar las bater\u00edas en el armaz\u00f3n de tu card\u00e1n, en lugar de a\u00f1adir peso adicional al sistema de tu c\u00e1mara.<\/p>\n<p>Esta placa tambi\u00e9n puede eliminar las limitaciones de tener que utilizar un tama\u00f1o espec\u00edfico de bater\u00eda para mantener una determinada distribuci\u00f3n del peso al equilibrar tu card\u00e1n.<\/p>\n<p>Liberar peso en el sistema de la c\u00e1mara puede mejorar el rendimiento del card\u00e1n y permitir una mayor asignaci\u00f3n de peso al montaje de accesorios adicionales, como motores de seguimiento de enfoque y cajas mate.<\/p>\n<p>&nbsp;<\/p>\n","protected":false},"excerpt":{"rendered":"<p>Este adaptador de anillo para card\u00e1n te permite montar f\u00e1cilmente tu placa de bater\u00eda con montura en V Mini y\/o de bolsillo en la mayor\u00eda de cardanes con anillo. Es la soluci\u00f3n ligera perfecta para montar las bater\u00edas en el [&hellip;]<\/p>\n","protected":false},"featured_media":0,"comment_status":"closed","ping_status":"closed","template":"","meta":[],"product_cat":[3031,3030,2732],"product_tag":[],"acf":[],"gallery_images":[574497,574506],"_links":{"self":[{"href":"https:\/\/eu.tilta.com\/es\/wp-json\/wp\/v2\/product\/2007732"}],"collection":[{"href":"https:\/\/eu.tilta.com\/es\/wp-json\/wp\/v2\/product"}],"about":[{"href":"https:\/\/eu.tilta.com\/es\/wp-json\/wp\/v2\/types\/product"}],"replies":[{"embeddable":true,"href":"https:\/\/eu.tilta.com\/es\/wp-json\/wp\/v2\/comments?post=2007732"}],"wp:attachment":[{"href":"https:\/\/eu.tilta.com\/es\/wp-json\/wp\/v2\/media?parent=2007732"}],"wp:term":[{"taxonomy":"product_cat","embeddable":true,"href":"https:\/\/eu.tilta.com\/es\/wp-json\/wp\/v2\/product_cat?post=2007732"},{"taxonomy":"product_tag","embeddable":true,"href":"https:\/\/eu.tilta.com\/es\/wp-json\/wp\/v2\/product_tag?post=2007732"}],"curies":[{"name":"wp","href":"https:\/\/api.w.org\/{rel}","templated":true}]}}