{"id":2007740,"date":"2020-02-21T16:20:38","date_gmt":"2020-02-21T15:20:38","guid":{"rendered":"https:\/\/de.tilta.com\/shop\/jaula-de-camara-para-sony-pxw-fx9\/"},"modified":"2025-12-05T13:45:52","modified_gmt":"2025-12-05T12:45:52","slug":"camera-cage-for-sony-pxw-fx9","status":"publish","type":"product","link":"https:\/\/eu.tilta.com\/es\/shop\/camera-cage-for-sony-pxw-fx9\/","title":{"rendered":"Jaula de c\u00e1mara para Sony PXW-FX9"},"content":{"rendered":"<p>Arma tu c\u00e1mara con esta jaula para c\u00e1mara Tilta dise\u00f1ada espec\u00edficamente para la Sony PXW-FX9.<\/p>\n<p>La placa superior de la jaula se ajusta perfectamente a la empu\u00f1adura superior de la Sony PXW-FX9 e incluye adaptadores de varilla LWS de 15 mm en el extremo frontal para que puedas montar f\u00e1cilmente el visor de la c\u00e1mara.<\/p>\n<p>La placa de bater\u00eda Tilta para la jaula Sony PXW-FX9, disponible con montura dorada o en V, se acopla directamente a la parte posterior de la placa superior y abraza la parte trasera de la c\u00e1mara.<\/p>\n<p>La placa de la bater\u00eda proporciona varias salidas de alimentaci\u00f3n diferentes para que puedas alimentar accesorios y se ajusta a varias distancias del cuerpo de la c\u00e1mara.<\/p>\n<p>En la parte inferior de la jaula hay una placa base compatible con el VCT-U14 de Sony que te permite acoplar diversos accesorios mediante varillas LWS de 15 mm en la parte delantera o trasera de la placa base.<\/p>\n<p>La placa base tambi\u00e9n tiene una almohadilla ergon\u00f3mica para el hombro en la parte inferior, para que puedas separarte r\u00e1pida y f\u00e1cilmente de la placa VCT-U14 y estar listo para montarla en el hombro en un santiam\u00e9n.<\/p>\n<p>Se puede cambiar un adaptador de liberaci\u00f3n r\u00e1pida Tilta por la placa VCT, lo que te permite montar el sistema de c\u00e1mara en nuestras <a href=\"https:\/\/de.tilta.com\/shop\/10-lightweight-dovetail-plate-tt-c16\/\">colas de milano est\u00e1ndar Tilta<\/a>.<\/p>\n<p>La placa base tambi\u00e9n tiene conexiones Arri Standard Rosette en los lados izquierdo y derecho para que puedas acoplar empu\u00f1aduras (o la propia empu\u00f1adura de manejo PXW-FX9 de Sony) para manejarla con la mano.<\/p>\n<p>Tambi\u00e9n se incluye un soporte integrado para el adaptador del objetivo en la parte frontal de la placa.<\/p>\n<p>Una placa lateral ofrece a\u00fan m\u00e1s protecci\u00f3n y, junto con la placa superior, proporciona varios puntos de montaje de 1\/4&#8243;-20 y 3\/8&#8243;-16 para que puedas montar diversos accesorios.<\/p>\n","protected":false},"excerpt":{"rendered":"<p>Arma tu c\u00e1mara con esta jaula para c\u00e1mara Tilta dise\u00f1ada espec\u00edficamente para la Sony PXW-FX9. La placa superior de la jaula se ajusta perfectamente a la empu\u00f1adura superior de la Sony PXW-FX9 e incluye adaptadores de varilla LWS de 15 [&hellip;]<\/p>\n","protected":false},"featured_media":0,"comment_status":"closed","ping_status":"closed","template":"","meta":[],"product_cat":[2727],"product_tag":[],"acf":[],"gallery_images":[1954249,1954250,567597],"_links":{"self":[{"href":"https:\/\/eu.tilta.com\/es\/wp-json\/wp\/v2\/product\/2007740"}],"collection":[{"href":"https:\/\/eu.tilta.com\/es\/wp-json\/wp\/v2\/product"}],"about":[{"href":"https:\/\/eu.tilta.com\/es\/wp-json\/wp\/v2\/types\/product"}],"replies":[{"embeddable":true,"href":"https:\/\/eu.tilta.com\/es\/wp-json\/wp\/v2\/comments?post=2007740"}],"wp:attachment":[{"href":"https:\/\/eu.tilta.com\/es\/wp-json\/wp\/v2\/media?parent=2007740"}],"wp:term":[{"taxonomy":"product_cat","embeddable":true,"href":"https:\/\/eu.tilta.com\/es\/wp-json\/wp\/v2\/product_cat?post=2007740"},{"taxonomy":"product_tag","embeddable":true,"href":"https:\/\/eu.tilta.com\/es\/wp-json\/wp\/v2\/product_tag?post=2007740"}],"curies":[{"name":"wp","href":"https:\/\/api.w.org\/{rel}","templated":true}]}}