{"id":2007747,"date":"2020-01-31T10:14:13","date_gmt":"2020-01-31T09:14:13","guid":{"rendered":"https:\/\/de.tilta.com\/shop\/armorman-3-0-nucleus-m-copa-de-apoyo-para-el-mango\/"},"modified":"2025-12-05T13:45:43","modified_gmt":"2025-12-05T12:45:43","slug":"armorman-3-0-nucleus-m-handle-support-cup","status":"publish","type":"product","link":"https:\/\/eu.tilta.com\/es\/shop\/armorman-3-0-nucleus-m-handle-support-cup\/","title":{"rendered":"Armorman 3.0 Nucleus-M Copa de apoyo para el mango"},"content":{"rendered":"<p>Las copas de soporte Nucleus-M de Armor Man 3.0 permiten una soluci\u00f3n f\u00e1cil para acoplar y desacoplar tu card\u00e1n a los brazos mec\u00e1nicos de Armor Man 3.0 cuando utilizas las empu\u00f1aduras de Nucleus-M con tu sistema de card\u00e1n. Cuando quieras acoplar el Armor Man al card\u00e1n, s\u00f3lo tienes que encajar las empu\u00f1aduras Nucleus-M montadas en el card\u00e1n en las cazoletas de soporte y luego volver a agarrar las empu\u00f1aduras como de costumbre para empezar a funcionar. Cuando quieras dejar de funcionar, s\u00f3lo tienes que acoplar el card\u00e1n, agarrarte a las copas de soporte y separarlas de las empu\u00f1aduras.<\/p>\n","protected":false},"excerpt":{"rendered":"<p>Las copas de soporte Nucleus-M de Armor Man 3.0 permiten una soluci\u00f3n f\u00e1cil para acoplar y desacoplar tu card\u00e1n a los brazos mec\u00e1nicos de Armor Man 3.0 cuando utilizas las empu\u00f1aduras de Nucleus-M con tu sistema de card\u00e1n. Cuando quieras [&hellip;]<\/p>\n","protected":false},"featured_media":2007749,"comment_status":"closed","ping_status":"closed","template":"","meta":[],"product_cat":[3027],"product_tag":[],"acf":[],"gallery_images":[2007750,2007751],"_links":{"self":[{"href":"https:\/\/eu.tilta.com\/es\/wp-json\/wp\/v2\/product\/2007747"}],"collection":[{"href":"https:\/\/eu.tilta.com\/es\/wp-json\/wp\/v2\/product"}],"about":[{"href":"https:\/\/eu.tilta.com\/es\/wp-json\/wp\/v2\/types\/product"}],"replies":[{"embeddable":true,"href":"https:\/\/eu.tilta.com\/es\/wp-json\/wp\/v2\/comments?post=2007747"}],"wp:featuredmedia":[{"embeddable":true,"href":"https:\/\/eu.tilta.com\/es\/wp-json\/wp\/v2\/media\/2007749"}],"wp:attachment":[{"href":"https:\/\/eu.tilta.com\/es\/wp-json\/wp\/v2\/media?parent=2007747"}],"wp:term":[{"taxonomy":"product_cat","embeddable":true,"href":"https:\/\/eu.tilta.com\/es\/wp-json\/wp\/v2\/product_cat?post=2007747"},{"taxonomy":"product_tag","embeddable":true,"href":"https:\/\/eu.tilta.com\/es\/wp-json\/wp\/v2\/product_tag?post=2007747"}],"curies":[{"name":"wp","href":"https:\/\/api.w.org\/{rel}","templated":true}]}}