{"id":2007748,"date":"2020-02-06T17:11:16","date_gmt":"2020-02-06T16:11:16","guid":{"rendered":"https:\/\/de.tilta.com\/shop\/placa-de-liberacion-rapida-tilta-manfrotto-tipo-ii\/"},"modified":"2025-12-05T13:45:54","modified_gmt":"2025-12-05T12:45:54","slug":"tiltaing-manfrotto-quick-release-plate-type-ii","status":"publish","type":"product","link":"https:\/\/eu.tilta.com\/es\/shop\/tiltaing-manfrotto-quick-release-plate-type-ii\/","title":{"rendered":"Placa de liberaci\u00f3n r\u00e1pida Tilta Manfrotto Tipo II"},"content":{"rendered":"<p>Esta placa de liberaci\u00f3n r\u00e1pida compatible con Manfrotto se acopla directamente a la parte inferior de las jaulas de c\u00e1mara Tiltaing para Sigma fp y Black Magic Pocket Cinema Camera 4K\/6K para permitirte acoplarla y desacoplarla r\u00e1pida y f\u00e1cilmente de los sistemas de soporte Manfrotto 577, 500 y 701.<\/p>\n","protected":false},"excerpt":{"rendered":"<p>Esta placa de liberaci\u00f3n r\u00e1pida compatible con Manfrotto se acopla directamente a la parte inferior de las jaulas de c\u00e1mara Tiltaing para Sigma fp y Black Magic Pocket Cinema Camera 4K\/6K para permitirte acoplarla y desacoplarla r\u00e1pida y f\u00e1cilmente de [&hellip;]<\/p>\n","protected":false},"featured_media":0,"comment_status":"closed","ping_status":"closed","template":"","meta":[],"product_cat":[2719,2936,2943],"product_tag":[],"acf":[],"gallery_images":[522882],"_links":{"self":[{"href":"https:\/\/eu.tilta.com\/es\/wp-json\/wp\/v2\/product\/2007748"}],"collection":[{"href":"https:\/\/eu.tilta.com\/es\/wp-json\/wp\/v2\/product"}],"about":[{"href":"https:\/\/eu.tilta.com\/es\/wp-json\/wp\/v2\/types\/product"}],"replies":[{"embeddable":true,"href":"https:\/\/eu.tilta.com\/es\/wp-json\/wp\/v2\/comments?post=2007748"}],"wp:attachment":[{"href":"https:\/\/eu.tilta.com\/es\/wp-json\/wp\/v2\/media?parent=2007748"}],"wp:term":[{"taxonomy":"product_cat","embeddable":true,"href":"https:\/\/eu.tilta.com\/es\/wp-json\/wp\/v2\/product_cat?post=2007748"},{"taxonomy":"product_tag","embeddable":true,"href":"https:\/\/eu.tilta.com\/es\/wp-json\/wp\/v2\/product_tag?post=2007748"}],"curies":[{"name":"wp","href":"https:\/\/api.w.org\/{rel}","templated":true}]}}