{"id":2007756,"date":"2020-01-31T10:42:20","date_gmt":"2020-01-31T09:42:20","guid":{"rendered":"https:\/\/de.tilta.com\/shop\/armorman-3-0-abrazadera-adaptadora-universal-de-anillo-de-cardan\/"},"modified":"2025-12-05T13:45:44","modified_gmt":"2025-12-05T12:45:44","slug":"armorman-3-0-universal-gimbal-ring-adapter-clamp","status":"publish","type":"product","link":"https:\/\/eu.tilta.com\/es\/shop\/armorman-3-0-universal-gimbal-ring-adapter-clamp\/","title":{"rendered":"Armorman 3.0 Abrazadera adaptadora universal de anillo de card\u00e1n"},"content":{"rendered":"<p>Si tienes un card\u00e1n basado en anillos, las abrazaderas adaptadoras universales para anillos de card\u00e1n permiten una f\u00e1cil soluci\u00f3n de liberaci\u00f3n r\u00e1pida para acoplar y desacoplar tu card\u00e1n a los brazos mec\u00e1nicos del Armor Man 3.0 cuando est\u00e1 en el modo de funcionamiento normal. Las abrazaderas se fijan a cada lado del anillo del card\u00e1n y, despu\u00e9s de fijar los adaptadores a cada uno de los brazos del Hombre Armadura, el operador s\u00f3lo tiene que conectar los brazos a las abrazaderas del card\u00e1n para empezar a funcionar. Cuando quieras separar el card\u00e1n, presiona los botones de liberaci\u00f3n r\u00e1pida de los adaptadores para deslizarlos fuera de las abrazaderas.<\/p>\n","protected":false},"excerpt":{"rendered":"<p>Si tienes un card\u00e1n basado en anillos, las abrazaderas adaptadoras universales para anillos de card\u00e1n permiten una f\u00e1cil soluci\u00f3n de liberaci\u00f3n r\u00e1pida para acoplar y desacoplar tu card\u00e1n a los brazos mec\u00e1nicos del Armor Man 3.0 cuando est\u00e1 en el [&hellip;]<\/p>\n","protected":false},"featured_media":2007757,"comment_status":"closed","ping_status":"closed","template":"","meta":[],"product_cat":[3027],"product_tag":[],"acf":[],"gallery_images":[320951],"_links":{"self":[{"href":"https:\/\/eu.tilta.com\/es\/wp-json\/wp\/v2\/product\/2007756"}],"collection":[{"href":"https:\/\/eu.tilta.com\/es\/wp-json\/wp\/v2\/product"}],"about":[{"href":"https:\/\/eu.tilta.com\/es\/wp-json\/wp\/v2\/types\/product"}],"replies":[{"embeddable":true,"href":"https:\/\/eu.tilta.com\/es\/wp-json\/wp\/v2\/comments?post=2007756"}],"wp:featuredmedia":[{"embeddable":true,"href":"https:\/\/eu.tilta.com\/es\/wp-json\/wp\/v2\/media\/2007757"}],"wp:attachment":[{"href":"https:\/\/eu.tilta.com\/es\/wp-json\/wp\/v2\/media?parent=2007756"}],"wp:term":[{"taxonomy":"product_cat","embeddable":true,"href":"https:\/\/eu.tilta.com\/es\/wp-json\/wp\/v2\/product_cat?post=2007756"},{"taxonomy":"product_tag","embeddable":true,"href":"https:\/\/eu.tilta.com\/es\/wp-json\/wp\/v2\/product_tag?post=2007756"}],"curies":[{"name":"wp","href":"https:\/\/api.w.org\/{rel}","templated":true}]}}