{"id":2007760,"date":"2020-01-31T10:07:54","date_gmt":"2020-01-31T09:07:54","guid":{"rendered":"https:\/\/de.tilta.com\/shop\/armorman-3-0-adaptadores-universales-de-anillas-de-cardan\/"},"modified":"2025-12-05T13:45:45","modified_gmt":"2025-12-05T12:45:45","slug":"armorman-3-0-universal-gimbal-ring-adapter","status":"publish","type":"product","link":"https:\/\/eu.tilta.com\/es\/shop\/armorman-3-0-universal-gimbal-ring-adapter\/","title":{"rendered":"Armorman 3.0 Adaptadores universales de anillas de card\u00e1n"},"content":{"rendered":"<p>Si tienes un card\u00e1n basado en anillos, los Adaptadores universales para anillos de card\u00e1n permiten una f\u00e1cil soluci\u00f3n de liberaci\u00f3n r\u00e1pida para acoplar y desacoplar tu card\u00e1n a los brazos mec\u00e1nicos del Armor Man 3.0. Estos adaptadores en forma de cola de milano se deslizan sobre cada uno de los brazos del Hombre Armadura y luego se acoplan a las Abrazaderas Adaptadoras Universales de Anillos Gimbal para proporcionar soporte a tus cardanes. Cuando quieras acoplar el Armor Man al card\u00e1n, s\u00f3lo tienes que conectar los brazos a las abrazaderas preestablecidas del card\u00e1n para empezar a funcionar, y cuando quieras separarlo, pulsa los botones de liberaci\u00f3n r\u00e1pida de los adaptadores para deslizarlos fuera de las abrazaderas.<\/p>\n","protected":false},"excerpt":{"rendered":"<p>Si tienes un card\u00e1n basado en anillos, los Adaptadores universales para anillos de card\u00e1n permiten una f\u00e1cil soluci\u00f3n de liberaci\u00f3n r\u00e1pida para acoplar y desacoplar tu card\u00e1n a los brazos mec\u00e1nicos del Armor Man 3.0. Estos adaptadores en forma de [&hellip;]<\/p>\n","protected":false},"featured_media":2007762,"comment_status":"closed","ping_status":"closed","template":"","meta":[],"product_cat":[3027],"product_tag":[],"acf":[],"gallery_images":[318876,318881],"_links":{"self":[{"href":"https:\/\/eu.tilta.com\/es\/wp-json\/wp\/v2\/product\/2007760"}],"collection":[{"href":"https:\/\/eu.tilta.com\/es\/wp-json\/wp\/v2\/product"}],"about":[{"href":"https:\/\/eu.tilta.com\/es\/wp-json\/wp\/v2\/types\/product"}],"replies":[{"embeddable":true,"href":"https:\/\/eu.tilta.com\/es\/wp-json\/wp\/v2\/comments?post=2007760"}],"wp:featuredmedia":[{"embeddable":true,"href":"https:\/\/eu.tilta.com\/es\/wp-json\/wp\/v2\/media\/2007762"}],"wp:attachment":[{"href":"https:\/\/eu.tilta.com\/es\/wp-json\/wp\/v2\/media?parent=2007760"}],"wp:term":[{"taxonomy":"product_cat","embeddable":true,"href":"https:\/\/eu.tilta.com\/es\/wp-json\/wp\/v2\/product_cat?post=2007760"},{"taxonomy":"product_tag","embeddable":true,"href":"https:\/\/eu.tilta.com\/es\/wp-json\/wp\/v2\/product_tag?post=2007760"}],"curies":[{"name":"wp","href":"https:\/\/api.w.org\/{rel}","templated":true}]}}