{"id":2007769,"date":"2020-01-30T12:49:06","date_gmt":"2020-01-30T11:49:06","guid":{"rendered":"https:\/\/de.tilta.com\/shop\/brazo-armorman-3-0-l\/"},"modified":"2025-12-05T13:45:47","modified_gmt":"2025-12-05T12:45:47","slug":"armorman-3-0-arm-l","status":"publish","type":"product","link":"https:\/\/eu.tilta.com\/es\/shop\/armorman-3-0-arm-l\/","title":{"rendered":"Brazo Armorman 3.0 (L)"},"content":{"rendered":"<p>Este brazo izquierdo estabilizado y amortiguador para el Armor Man 3.0 se acopla a la parte posterior del chaleco Armor Man 3.0 cuando est\u00e1 en el modo de funcionamiento normal y tambi\u00e9n se puede acoplar a la parte superior del chaleco cuando funciona en la configuraci\u00f3n por encima de la cabeza. Cuando est\u00e1 acoplado, el brazo tiene dos mandos de tensi\u00f3n ajustables que te permiten adaptarlo al peso de tu card\u00e1n\/c\u00e1mara, as\u00ed como a tu estilo de manejo preferido (si quieres los brazos arqueados y alejados de tu cuerpo o ajustados y compactos a tu cuerpo).<\/p>\n<p>Puedes acoplar diversos soportes de card\u00e1n al extremo del brazo para poder utilizar el Armorman con cualquier tipo de card\u00e1n de 3 ejes, ya sea un card\u00e1n basado en una barra superior, un card\u00e1n basado en un anillo o incluso si quieres utilizar las empu\u00f1aduras Nucleus-M en tu card\u00e1n. Cada uno de estos soportes se fija al brazo mediante un sistema deslizante basado en una cola de milano, de modo que puedas ajustarlos para obtener la m\u00e1xima comodidad en funci\u00f3n de tus preferencias operativas.<\/p>\n","protected":false},"excerpt":{"rendered":"<p>Este brazo izquierdo estabilizado y amortiguador para el Armor Man 3.0 se acopla a la parte posterior del chaleco Armor Man 3.0 cuando est\u00e1 en el modo de funcionamiento normal y tambi\u00e9n se puede acoplar a la parte superior del [&hellip;]<\/p>\n","protected":false},"featured_media":2007771,"comment_status":"closed","ping_status":"closed","template":"","meta":[],"product_cat":[3027],"product_tag":[],"acf":[],"gallery_images":[],"_links":{"self":[{"href":"https:\/\/eu.tilta.com\/es\/wp-json\/wp\/v2\/product\/2007769"}],"collection":[{"href":"https:\/\/eu.tilta.com\/es\/wp-json\/wp\/v2\/product"}],"about":[{"href":"https:\/\/eu.tilta.com\/es\/wp-json\/wp\/v2\/types\/product"}],"replies":[{"embeddable":true,"href":"https:\/\/eu.tilta.com\/es\/wp-json\/wp\/v2\/comments?post=2007769"}],"wp:featuredmedia":[{"embeddable":true,"href":"https:\/\/eu.tilta.com\/es\/wp-json\/wp\/v2\/media\/2007771"}],"wp:attachment":[{"href":"https:\/\/eu.tilta.com\/es\/wp-json\/wp\/v2\/media?parent=2007769"}],"wp:term":[{"taxonomy":"product_cat","embeddable":true,"href":"https:\/\/eu.tilta.com\/es\/wp-json\/wp\/v2\/product_cat?post=2007769"},{"taxonomy":"product_tag","embeddable":true,"href":"https:\/\/eu.tilta.com\/es\/wp-json\/wp\/v2\/product_tag?post=2007769"}],"curies":[{"name":"wp","href":"https:\/\/api.w.org\/{rel}","templated":true}]}}