{"id":2007770,"date":"2020-01-30T13:39:46","date_gmt":"2020-01-30T12:39:46","guid":{"rendered":"https:\/\/de.tilta.com\/shop\/soporte-de-cintura-armorman-3-0\/"},"modified":"2025-12-05T13:45:47","modified_gmt":"2025-12-05T12:45:47","slug":"armorman-3-0-waist-support","status":"publish","type":"product","link":"https:\/\/eu.tilta.com\/es\/shop\/armorman-3-0-waist-support\/","title":{"rendered":"Soporte de cintura Armorman 3.0"},"content":{"rendered":"<p>Este soporte de cintura se acopla al chaleco Armorman 3.0 como soporte principal del chaleco, lo que coloca el peso del Armorman 3.0 y de la configuraci\u00f3n del card\u00e1n\/c\u00e1mara en la secci\u00f3n media del operador. El acolchado rodea el soporte de la cintura para ofrecer la m\u00e1xima comodidad, y una correa ajustable permite que el soporte se adapte a cualquier tipo de cuerpo.<\/p>\n","protected":false},"excerpt":{"rendered":"<p>Este soporte de cintura se acopla al chaleco Armorman 3.0 como soporte principal del chaleco, lo que coloca el peso del Armorman 3.0 y de la configuraci\u00f3n del card\u00e1n\/c\u00e1mara en la secci\u00f3n media del operador. El acolchado rodea el soporte [&hellip;]<\/p>\n","protected":false},"featured_media":2007772,"comment_status":"closed","ping_status":"closed","template":"","meta":[],"product_cat":[3027],"product_tag":[],"acf":[],"gallery_images":[],"_links":{"self":[{"href":"https:\/\/eu.tilta.com\/es\/wp-json\/wp\/v2\/product\/2007770"}],"collection":[{"href":"https:\/\/eu.tilta.com\/es\/wp-json\/wp\/v2\/product"}],"about":[{"href":"https:\/\/eu.tilta.com\/es\/wp-json\/wp\/v2\/types\/product"}],"replies":[{"embeddable":true,"href":"https:\/\/eu.tilta.com\/es\/wp-json\/wp\/v2\/comments?post=2007770"}],"wp:featuredmedia":[{"embeddable":true,"href":"https:\/\/eu.tilta.com\/es\/wp-json\/wp\/v2\/media\/2007772"}],"wp:attachment":[{"href":"https:\/\/eu.tilta.com\/es\/wp-json\/wp\/v2\/media?parent=2007770"}],"wp:term":[{"taxonomy":"product_cat","embeddable":true,"href":"https:\/\/eu.tilta.com\/es\/wp-json\/wp\/v2\/product_cat?post=2007770"},{"taxonomy":"product_tag","embeddable":true,"href":"https:\/\/eu.tilta.com\/es\/wp-json\/wp\/v2\/product_tag?post=2007770"}],"curies":[{"name":"wp","href":"https:\/\/api.w.org\/{rel}","templated":true}]}}