{"id":2007786,"date":"2020-01-16T09:53:17","date_gmt":"2020-01-16T08:53:17","guid":{"rendered":"https:\/\/de.tilta.com\/shop\/bateria-ficticia-lp-e6-a-35-135-mm-cc-macho\/"},"modified":"2026-02-16T09:00:59","modified_gmt":"2026-02-16T08:00:59","slug":"lp-e6-to-3-5-1-35mm-dc-male-dummy-battery","status":"publish","type":"product","link":"https:\/\/eu.tilta.com\/es\/shop\/lp-e6-to-3-5-1-35mm-dc-male-dummy-battery\/","title":{"rendered":"Bater\u00eda ficticia LP-E6 a 3,5\/1,35 mm CC macho"},"content":{"rendered":"<p>Este cable de bater\u00eda ficticia Canon LP-E6 a 3,5\/1,35 mm CC macho te permite alimentar c\u00e1maras y accesorios Canon basados en LP-E6 a trav\u00e9s de un puerto de alimentaci\u00f3n de 3,5\/1,35 mm CC.<\/p>\n<p>Es la soluci\u00f3n perfecta para alimentar monitores externos o sistemas de c\u00e1maras como la BMPCC4\/6K a trav\u00e9s de nuestras <a href=\"https:\/\/de.tilta.com\/product-category\/handles\/side-handles\/\">asas laterales basculantes de alimentaci\u00f3n y enfoque<\/a>.<\/p>\n<p>Este cable regula el voltaje para proporcionar el mismo voltaje que una bater\u00eda LP-E6 normal.<\/p>\n","protected":false},"excerpt":{"rendered":"<p>Este cable de bater\u00eda ficticia Canon LP-E6 a 3,5\/1,35 mm CC macho te permite alimentar c\u00e1maras y accesorios Canon basados en LP-E6 a trav\u00e9s de un puerto de alimentaci\u00f3n de 3,5\/1,35 mm CC. Es la soluci\u00f3n perfecta para alimentar monitores [&hellip;]<\/p>\n","protected":false},"featured_media":0,"comment_status":"closed","ping_status":"closed","template":"","meta":[],"product_cat":[4448,2892,2943],"product_tag":[],"acf":[],"gallery_images":[95449],"_links":{"self":[{"href":"https:\/\/eu.tilta.com\/es\/wp-json\/wp\/v2\/product\/2007786"}],"collection":[{"href":"https:\/\/eu.tilta.com\/es\/wp-json\/wp\/v2\/product"}],"about":[{"href":"https:\/\/eu.tilta.com\/es\/wp-json\/wp\/v2\/types\/product"}],"replies":[{"embeddable":true,"href":"https:\/\/eu.tilta.com\/es\/wp-json\/wp\/v2\/comments?post=2007786"}],"wp:attachment":[{"href":"https:\/\/eu.tilta.com\/es\/wp-json\/wp\/v2\/media?parent=2007786"}],"wp:term":[{"taxonomy":"product_cat","embeddable":true,"href":"https:\/\/eu.tilta.com\/es\/wp-json\/wp\/v2\/product_cat?post=2007786"},{"taxonomy":"product_tag","embeddable":true,"href":"https:\/\/eu.tilta.com\/es\/wp-json\/wp\/v2\/product_tag?post=2007786"}],"curies":[{"name":"wp","href":"https:\/\/api.w.org\/{rel}","templated":true}]}}