{"id":2007790,"date":"2020-01-16T09:41:38","date_gmt":"2020-01-16T08:41:38","guid":{"rendered":"https:\/\/de.tilta.com\/shop\/cable-de-bateria-ficticia-sony-np-fw50-a6-a7-a-35-135-mm-cc-macho\/"},"modified":"2025-12-05T13:45:49","modified_gmt":"2025-12-05T12:45:49","slug":"sony-np-fw50-dummy-battery-to-3-5-1-35mm-dc-male-cable","status":"publish","type":"product","link":"https:\/\/eu.tilta.com\/es\/shop\/sony-np-fw50-dummy-battery-to-3-5-1-35mm-dc-male-cable\/","title":{"rendered":"Cable de bater\u00eda ficticia Sony NP-FW50 (A6\/A7) a 3,5\/1,35 mm CC macho"},"content":{"rendered":"<p>Este cable de bater\u00eda ficticia Sony NP-FW50 a 3,5\/1,35 mm CC macho te permite alimentar c\u00e1maras y accesorios basados en NP-FW50 a trav\u00e9s de un puerto de alimentaci\u00f3n de 3,5\/1,35 mm CC.<\/p>\n<p>Es la soluci\u00f3n perfecta para alimentar monitores externos o sistemas de c\u00e1maras, como las DSLR Sony a7, a trav\u00e9s de nuestras <a href=\"https:\/\/de.tilta.com\/product-category\/handles\/side-handles\/\">asas laterales basculantes de alimentaci\u00f3n y enfoque<\/a>.<\/p>\n<p>Este cable regula el voltaje para proporcionar el mismo voltaje que una bater\u00eda NP-FW50 normal.<\/p>\n","protected":false},"excerpt":{"rendered":"<p>Este cable de bater\u00eda ficticia Sony NP-FW50 a 3,5\/1,35 mm CC macho te permite alimentar c\u00e1maras y accesorios basados en NP-FW50 a trav\u00e9s de un puerto de alimentaci\u00f3n de 3,5\/1,35 mm CC. Es la soluci\u00f3n perfecta para alimentar monitores externos [&hellip;]<\/p>\n","protected":false},"featured_media":0,"comment_status":"closed","ping_status":"closed","template":"","meta":[],"product_cat":[2892],"product_tag":[],"acf":[],"gallery_images":[95442],"_links":{"self":[{"href":"https:\/\/eu.tilta.com\/es\/wp-json\/wp\/v2\/product\/2007790"}],"collection":[{"href":"https:\/\/eu.tilta.com\/es\/wp-json\/wp\/v2\/product"}],"about":[{"href":"https:\/\/eu.tilta.com\/es\/wp-json\/wp\/v2\/types\/product"}],"replies":[{"embeddable":true,"href":"https:\/\/eu.tilta.com\/es\/wp-json\/wp\/v2\/comments?post=2007790"}],"wp:attachment":[{"href":"https:\/\/eu.tilta.com\/es\/wp-json\/wp\/v2\/media?parent=2007790"}],"wp:term":[{"taxonomy":"product_cat","embeddable":true,"href":"https:\/\/eu.tilta.com\/es\/wp-json\/wp\/v2\/product_cat?post=2007790"},{"taxonomy":"product_tag","embeddable":true,"href":"https:\/\/eu.tilta.com\/es\/wp-json\/wp\/v2\/product_tag?post=2007790"}],"curies":[{"name":"wp","href":"https:\/\/api.w.org\/{rel}","templated":true}]}}