{"id":2007799,"date":"2020-01-06T11:28:59","date_gmt":"2020-01-06T10:28:59","guid":{"rendered":"https:\/\/de.tilta.com\/shop\/tilta-soporte-de-cana-simple-lateral-de-15-mm-tipo-ii-negro\/"},"modified":"2025-12-05T13:45:54","modified_gmt":"2025-12-05T12:45:54","slug":"tiltaing-15mm-side-single-rod-holder-type-ii-black","status":"publish","type":"product","link":"https:\/\/eu.tilta.com\/es\/shop\/tiltaing-15mm-side-single-rod-holder-type-ii-black\/","title":{"rendered":"Tilta Soporte de ca\u00f1a simple lateral de 15 mm Tipo II &#8211; Negro"},"content":{"rendered":"<p>Este soporte de varilla simple de 15 mm se puede acoplar al lateral de las jaulas de media c\u00e1mara y c\u00e1mara completa Tiltaing para que puedas colocar una varilla de 15 mm en el lateral de la c\u00e1mara para fijar accesorios.<\/p>\n<p>** Incluido con el Mini Matte Box de Tiltaing y el Mini Follow Focus<\/p>\n","protected":false},"excerpt":{"rendered":"<p>Este soporte de varilla simple de 15 mm se puede acoplar al lateral de las jaulas de media c\u00e1mara y c\u00e1mara completa Tiltaing para que puedas colocar una varilla de 15 mm en el lateral de la c\u00e1mara para fijar [&hellip;]<\/p>\n","protected":false},"featured_media":0,"comment_status":"closed","ping_status":"closed","template":"","meta":[],"product_cat":[2881],"product_tag":[],"acf":[],"gallery_images":[484176],"_links":{"self":[{"href":"https:\/\/eu.tilta.com\/es\/wp-json\/wp\/v2\/product\/2007799"}],"collection":[{"href":"https:\/\/eu.tilta.com\/es\/wp-json\/wp\/v2\/product"}],"about":[{"href":"https:\/\/eu.tilta.com\/es\/wp-json\/wp\/v2\/types\/product"}],"replies":[{"embeddable":true,"href":"https:\/\/eu.tilta.com\/es\/wp-json\/wp\/v2\/comments?post=2007799"}],"wp:attachment":[{"href":"https:\/\/eu.tilta.com\/es\/wp-json\/wp\/v2\/media?parent=2007799"}],"wp:term":[{"taxonomy":"product_cat","embeddable":true,"href":"https:\/\/eu.tilta.com\/es\/wp-json\/wp\/v2\/product_cat?post=2007799"},{"taxonomy":"product_tag","embeddable":true,"href":"https:\/\/eu.tilta.com\/es\/wp-json\/wp\/v2\/product_tag?post=2007799"}],"curies":[{"name":"wp","href":"https:\/\/api.w.org\/{rel}","templated":true}]}}